{"id":1500,"date":"2021-09-27T08:19:44","date_gmt":"2021-09-27T08:19:44","guid":{"rendered":"https:\/\/vegra400.com\/avis-legal\/"},"modified":"2021-09-27T10:55:17","modified_gmt":"2021-09-27T10:55:17","slug":"avis-legal","status":"publish","type":"page","link":"https:\/\/vegra400.com\/ca\/avis-legal\/","title":{"rendered":"Av\u00eds legal"},"content":{"rendered":"<p>[et_pb_section fb_built=&#8221;1&#8243; admin_label=&#8221;section&#8221; _builder_version=&#8221;3.22&#8243;][et_pb_row admin_label=&#8221;row&#8221; _builder_version=&#8221;3.25&#8243; background_size=&#8221;initial&#8221; background_position=&#8221;top_left&#8221; background_repeat=&#8221;repeat&#8221;][et_pb_column type=&#8221;4_4&#8243; _builder_version=&#8221;3.25&#8243; custom_padding=&#8221;|||&#8221; custom_padding__hover=&#8221;|||&#8221;][et_pb_code admin_label=&#8221;Titol&#8221; _builder_version=&#8221;4.9.7&#8243; _module_preset=&#8221;default&#8221; text_orientation=&#8221;center&#8221;]<span style=\"font-size: 2.5rem; font-weight: bold;\">Av\u00eds legal<\/span>[\/et_pb_code][et_pb_code admin_label=&#8221;Titol&#8221; _builder_version=&#8221;4.9.7&#8243; _module_preset=&#8221;default&#8221; hover_enabled=&#8221;0&#8243; sticky_enabled=&#8221;0&#8243;]<!-- [et_pb_line_break_holder] --><\/p>\n<div><!-- [et_pb_line_break_holder] -->  <span class=\"subtitol-politiques\"><!-- [et_pb_line_break_holder] -->   LLEI DELS SERVEIS DE LA SOCIETAT DE LA INFORMACI\u00d3 (LSSI)<!-- [et_pb_line_break_holder] -->  <\/span><!-- [et_pb_line_break_holder] -->  <!\u2013- [et_pb_br_holder] -\u2013><!-- [et_pb_line_break_holder] -->  <!\u2013- [et_pb_br_holder] -\u2013><!-- [et_pb_line_break_holder] -->    <pee class=\"paragraf-politiques\"><!-- [et_pb_line_break_holder] -->    <strong>VEGRA 400, SL<\/strong> responsable del lloc web, d\u2019ara endavant el RESPONSABLE, posa a disposici\u00f3 dels<!-- [et_pb_line_break_holder] -->usuaris aquest document, amb el qual pret\u00e9n fer complir les obligacions que estableix la Llei 34\/2002,<!-- [et_pb_line_break_holder] -->de 11 de juliol, de Serveis de la Societat de la Informaci\u00f3 i de Comer\u00e7 Electr\u00f2nic (LSSICE), BOE N.\u00ba<!-- [et_pb_line_break_holder] -->166, aix\u00ed com informar tots els usuaris del lloc web sobre quines s\u00f3n les condicions d\u2019\u00fas.<!-- [et_pb_line_break_holder] -->  <\/pee><!-- [et_pb_line_break_holder] -->    <pee class=\"paragraf-politiques\"><!-- [et_pb_line_break_holder] -->     Qualsevol persona que accedeixi a aquest lloc web assumeix el paper d\u2019usuari i es compromet a<!-- [et_pb_line_break_holder] -->l\u2019observan\u00e7a i compliment rigor\u00f3s de les disposicions que s\u2019hi estableixen, aix\u00ed com a qualsevol altra<!-- [et_pb_line_break_holder] -->disposici\u00f3 legal s\u2019hi apliqui.<!-- [et_pb_line_break_holder] -->      <!\u2013- [et_pb_br_holder] -\u2013><!-- [et_pb_line_break_holder] -->      <!\u2013- [et_pb_br_holder] -\u2013><!-- [et_pb_line_break_holder] -->VEGRA 400, SL es reserva el dret de modificar qualsevol tipus d\u2019informaci\u00f3 que pugui apar\u00e8ixer al lloc<!-- [et_pb_line_break_holder] -->web, sense l\u2019obligaci\u00f3 de preavisar o assabentar els usuaris d\u2019aquestes obligacions, at\u00e8s que es<!-- [et_pb_line_break_holder] -->considera suficient la publicaci\u00f3 al lloc web de VEGRA 400, SL.<!-- [et_pb_line_break_holder] -->  <\/pee><!-- [et_pb_line_break_holder] -->  <span class=\"subtitol-politiques\"><!-- [et_pb_line_break_holder] -->   1. DADES IDENTIFICADORES<\/span><!-- [et_pb_line_break_holder] -->  <pee class=\"paragraf-politiques\"><!-- [et_pb_line_break_holder] -->  <\/p>\n<ul><!-- [et_pb_line_break_holder] -->    <\/p>\n<li><!-- [et_pb_line_break_holder] -->    <strong>Nom del domini:<\/strong> www.vegra400.com<!-- [et_pb_line_break_holder] -->    <\/li>\n<p><!-- [et_pb_line_break_holder] -->    <\/p>\n<li><!-- [et_pb_line_break_holder] -->    <strong>Nom comercial:<\/strong> Vegra 400<!-- [et_pb_line_break_holder] -->    <\/li>\n<p><!-- [et_pb_line_break_holder] -->    <\/p>\n<li><!-- [et_pb_line_break_holder] -->    <strong>Denominaci\u00f3 social:<\/strong> VEGRA 400, SL<!-- [et_pb_line_break_holder] -->    <\/li>\n<p><!-- [et_pb_line_break_holder] -->    <\/p>\n<li><!-- [et_pb_line_break_holder] -->    <strong>NIF:<\/strong> B55001374<!-- [et_pb_line_break_holder] -->    <\/li>\n<p><!-- [et_pb_line_break_holder] -->    <\/p>\n<li><!-- [et_pb_line_break_holder] -->    <strong>Domicili social:<\/strong> Carrer Dr. Fleming, s\/n<!\u2013- [et_pb_br_holder] -\u2013><!-- [et_pb_line_break_holder] -->17411 VIDRERES (Girona)<!-- [et_pb_line_break_holder] -->    <\/li>\n<p><!-- [et_pb_line_break_holder] -->    <\/p>\n<li><!-- [et_pb_line_break_holder] -->    <strong>Tel\u00e8fon:<\/strong> <a href=\"tel:+34972235244\">972 235 244<\/a><!-- [et_pb_line_break_holder] -->    <\/li>\n<p><!-- [et_pb_line_break_holder] -->    <\/p>\n<li><!-- [et_pb_line_break_holder] -->    <strong>E-mail:<\/strong> <a href=\"mailto:info@vegragirona.com\">info@vegragirona.com<\/a><!-- [et_pb_line_break_holder] -->    <\/li>\n<p><!-- [et_pb_line_break_holder] -->  <\/ul>\n<p> <!-- [et_pb_line_break_holder] -->  <\/pee><!-- [et_pb_line_break_holder] -->    <pee class=\"subtitol-politiques\"><!-- [et_pb_line_break_holder] -->      2. DRETS DE PROPIETAT INTEL\u00b7LECTUAL I INDUSTRIAL<!-- [et_pb_line_break_holder] -->    <!\u2013- [et_pb_br_holder] -\u2013><!-- [et_pb_line_break_holder] -->  <span class=\"paragraf-politiques\"><!-- [et_pb_line_break_holder] -->  El lloc web, incloent a t\u00edtol enunciatiu per\u00f2 no limitatiu la seva programaci\u00f3, edici\u00f3, compilaci\u00f3 i altres<!-- [et_pb_line_break_holder] -->elements necessaris per al seu funcionament, els dissenys, logotips, text i\/o gr\u00e0fics, s\u00f3n propietat del<!-- [et_pb_line_break_holder] -->RESPONSABLE o, si \u00e9s el cas, disposa de llic\u00e8ncia o autoritzaci\u00f3 expressa per part dels autors. Tots<!-- [et_pb_line_break_holder] -->els continguts del lloc web es troben degudament protegits per la normativa de propietat intel\u00b7lectual i<!-- [et_pb_line_break_holder] -->industrial, aix\u00ed com inscrits en els registres p\u00fablics corresponents.<!\u2013- [et_pb_br_holder] -\u2013><!-- [et_pb_line_break_holder] -->Independentment de la finalitat per a la qual fossin destinats, la reproducci\u00f3 total o parcial, \u00fas,<!-- [et_pb_line_break_holder] -->explotaci\u00f3, distribuci\u00f3 i comercialitzaci\u00f3, requereix en tot cas l\u2019autoritzaci\u00f3 escrita pr\u00e8via per part del<!-- [et_pb_line_break_holder] -->RESPONSABLE. Qualsevol \u00fas no autoritzat pr\u00e8viament es considera un incompliment greu dels drets<!-- [et_pb_line_break_holder] -->de propietat intel\u00b7lectual o industrial de l\u2019autor.<!\u2013- [et_pb_br_holder] -\u2013><!-- [et_pb_line_break_holder] -->Els dissenys, logotips, text i\/o gr\u00e0fics aliens al RESPONSABLE i que puguin apar\u00e8ixer al lloc web,<!-- [et_pb_line_break_holder] -->pertanyen als seus respectius propietaris, els quals s\u00f3n responsables de qualsevol possible<!-- [et_pb_line_break_holder] -->controv\u00e8rsia que se\u2019n pugui desprendre. El RESPONSABLE autoritza expressament que tercers<!-- [et_pb_line_break_holder] -->puguin redirigir directament als continguts concrets del lloc web, i en tot cas redirigir al lloc web<!-- [et_pb_line_break_holder] -->principal de <a href=\"https:\/\/www.vegra400.com\">www.vegra400.com<\/a>.<!\u2013- [et_pb_br_holder] -\u2013><!-- [et_pb_line_break_holder] -->El RESPONSABLE reconeix a favor dels seus titulars els corresponents drets de propietat intel\u00b7lectual i<!-- [et_pb_line_break_holder] -->industrial, sense implicar el seu sol esment o aparici\u00f3 al lloc web l\u2019exist\u00e8ncia de drets o responsabilitat sobre aquests, ni el suport, patrocini o recomanaci\u00f3 per part del RESPONSABLE.<!\u2013- [et_pb_br_holder] -\u2013><!-- [et_pb_line_break_holder] -->Per efectuar qualsevol tipus d\u2019observaci\u00f3 pel que fa a possibles incompliments dels drets de propietat<!-- [et_pb_line_break_holder] -->intel\u00b7lectual o industrial, aix\u00ed com sobre qualsevol dels continguts del lloc web, podeu fer-ho a trav\u00e9s del<!-- [et_pb_line_break_holder] -->correu electr\u00f2nic <a href=\"mailto:info@vegragirona.com\">info@vegragirona.com<\/a>.<!-- [et_pb_line_break_holder] -->      <\/span>  <!-- [et_pb_line_break_holder] -->  <\/pee><!-- [et_pb_line_break_holder] -->      <pee class=\"subtitol-politiques\"><!-- [et_pb_line_break_holder] -->       3. EXEMPCI\u00d3 DE RESPONSABILITATS<!-- [et_pb_line_break_holder] -->    <!\u2013- [et_pb_br_holder] -\u2013><!-- [et_pb_line_break_holder] -->  <span class=\"paragraf-politiques\"><!-- [et_pb_line_break_holder] -->  El RESPONSABLE s\u2019eximeix de qualsevol tipus de responsabilitat derivada de la informaci\u00f3 publicada<!-- [et_pb_line_break_holder] -->al seu lloc web sempre que no tingui coneixement efectiu que aquesta informaci\u00f3 hagi estat<!-- [et_pb_line_break_holder] -->manipulada o introdu\u00efda per un tercer ali\u00e8 a la mateixa o, si ho t\u00e9, hagi actuat amb dilig\u00e8ncia per retirar<!-- [et_pb_line_break_holder] -->les dades o fer impossible l\u2019acc\u00e9s a ells.      <!-- [et_pb_line_break_holder] -->        <\/span>  <!-- [et_pb_line_break_holder] -->  <\/pee><!-- [et_pb_line_break_holder] -->  <span><!-- [et_pb_line_break_holder] -->    <strong>\u00das de Cookies<\/strong><!-- [et_pb_line_break_holder] -->    <!\u2013- [et_pb_br_holder] -\u2013><!-- [et_pb_line_break_holder] -->Pot ser que aquest lloc web utilitzi cookies t\u00e8cniques (petits arxius d\u2019informaci\u00f3 que el servidor envia a<!-- [et_pb_line_break_holder] -->l\u2019ordinador de qui accedeix a la p\u00e0gina) per dur a terme determinades funcions que es consideren<!-- [et_pb_line_break_holder] -->imprescindibles per al correcte funcionament i visualitzaci\u00f3 del web. Les cookies utilitzades tenen, en<!-- [et_pb_line_break_holder] -->qualsevol cas, car\u00e0cter temporal, amb l\u2019\u00fanica finalitat de fer que la navegaci\u00f3 sigui m\u00e9s eficient, i<!-- [et_pb_line_break_holder] -->desapareixen en finalitzar la sessi\u00f3 de l\u2019usuari. En cap cas, aquestes cookies proporcionen per si<!-- [et_pb_line_break_holder] -->mateixes dades de car\u00e0cter personal i no s\u2019utilitzaran per recollir dades d\u2019aquest tipus.<!\u2013- [et_pb_br_holder] -\u2013><!-- [et_pb_line_break_holder] -->Mitjan\u00e7ant l\u2019\u00fas de cookies tamb\u00e9 \u00e9s possible que el servidor on es troba la web reconegui el navegador<!-- [et_pb_line_break_holder] -->que utilitza l\u2019usuari, amb la finalitat que la navegaci\u00f3 sigui m\u00e9s senzilla, tot permetent, per exemple,<!-- [et_pb_line_break_holder] -->l\u2019acc\u00e9s dels usuaris que s\u2019hagin registrat pr\u00e8viament a les \u00e0rees, serveis, promocions o concursos<!-- [et_pb_line_break_holder] -->reservats exclusivament a ells sense haver de registrar-se a cada visita. Tamb\u00e9 es poden utilitzar per<!-- [et_pb_line_break_holder] -->mesurar l\u2019audi\u00e8ncia, par\u00e0metres de tr\u00e0nsit, controlar el progr\u00e9s i el nombre d\u2019entrades, etc. En aquests<!-- [et_pb_line_break_holder] -->casos, les cookies s\u00f3n prescindibles t\u00e8cnicament per\u00f2 beneficioses per a l\u2019usuari. Aquest lloc web no<!-- [et_pb_line_break_holder] -->instal\u00b7lar\u00e0 cookies prescindibles sense el consentiment previ de l\u2019usuari.<!\u2013- [et_pb_br_holder] -\u2013><!-- [et_pb_line_break_holder] -->L\u2019usuari t\u00e9 la possibilitat de configurar el seu navegador per ser alertat de la recepci\u00f3 de cookies i per<!-- [et_pb_line_break_holder] -->impedir-ne la instal\u00b7laci\u00f3 al seu equip. Si us plau, consulteu les instruccions del vostre navegador per<!-- [et_pb_line_break_holder] -->ampliar aquesta informaci\u00f3.<!-- [et_pb_line_break_holder] -->  <\/span><!-- [et_pb_line_break_holder] --><!\u2013- [et_pb_br_holder] -\u2013><!-- [et_pb_line_break_holder] --><!\u2013- [et_pb_br_holder] -\u2013><!-- [et_pb_line_break_holder] -->   <span><!-- [et_pb_line_break_holder] -->    <strong>Pol\u00edtica d\u2019enlla\u00e7os<\/strong><!-- [et_pb_line_break_holder] -->    <!\u2013- [et_pb_br_holder] -\u2013><!-- [et_pb_line_break_holder] -->Des del lloc web, \u00e9s possible que es redirigeixi a continguts de tercers llocs web. At\u00e8s que el<!-- [et_pb_line_break_holder] -->RESPONSABLE no pot controlar sempre els continguts introdu\u00efts per tercers en els seus llocs web<!-- [et_pb_line_break_holder] -->respectius, no assumeix cap tipus de responsabilitat respecte d\u2019aquests continguts. En qualsevol cas,<!-- [et_pb_line_break_holder] -->retirar\u00e0 immediatament qualsevol contingut que pugui transgredir la legislaci\u00f3 nacional o internacional,<!-- [et_pb_line_break_holder] -->la moral o l\u2019ordre p\u00fablic, tot retirant immediatament la redirecci\u00f3 a aquest lloc web i assabentant les<!-- [et_pb_line_break_holder] -->autoritats competents del contingut en q\u00fcesti\u00f3.<!\u2013- [et_pb_br_holder] -\u2013><!-- [et_pb_line_break_holder] -->El RESPONSABLE no es fa responsable de la informaci\u00f3 i continguts emmagatzemats, a t\u00edtol<!-- [et_pb_line_break_holder] -->enunciatiu per\u00f2 no limitatiu, a f\u00f2rums, xats, generadors de blogs, comentaris, xarxes socials o<!-- [et_pb_line_break_holder] -->qualsevol altre mitj\u00e0 que permeti a tercers publicar continguts de manera independent en la p\u00e0gina web<!-- [et_pb_line_break_holder] -->del RESPONSABLE. Aix\u00f2 no obstant, i en compliment del que estableixen als articles 11 i 16 de la<!-- [et_pb_line_break_holder] -->LSSICE, es posa a disposici\u00f3 de tots els usuaris, autoritats i forces de seguretat que col\u00b7laboren de<!-- [et_pb_line_break_holder] -->manera activa en la retirada o, si escau, bloqueig de tots els continguts que puguin afectar o<!-- [et_pb_line_break_holder] -->transgredir la legislaci\u00f3 nacional o internacional, els drets de tercers o la moral i l\u2019ordre p\u00fablic. En cas<!-- [et_pb_line_break_holder] -->que l\u2019usuari consideri que el lloc web cont\u00e9 material que pugui ser susceptible d\u2019aquesta classificaci\u00f3, li<!-- [et_pb_line_break_holder] -->preguem que ho notifiqui immediatament a l\u2019administrador del lloc web.<!\u2013- [et_pb_br_holder] -\u2013><!-- [et_pb_line_break_holder] -->Aquest lloc web s\u2019ha revisat i provat perqu\u00e8 funcioni correctament. En principi, es pot garantir que<!-- [et_pb_line_break_holder] -->funcionar\u00e0 correctament els 365 dies de l\u2019any i les 24 hores al dia. Aix\u00f2 no obstant, el RESPONSABLE<!-- [et_pb_line_break_holder] -->no descarta la possibilitat que es produeixin errors de programaci\u00f3, o que hi tinguin lloc causes de for\u00e7a major, cat\u00e0strofes naturals, vagues o circumst\u00e0ncies similars que facin impossible l\u2019acc\u00e9s a la<!-- [et_pb_line_break_holder] -->p\u00e0gina web.<!-- [et_pb_line_break_holder] -->  <\/span><!-- [et_pb_line_break_holder] --><!\u2013- [et_pb_br_holder] -\u2013> <!-- [et_pb_line_break_holder] --><!\u2013- [et_pb_br_holder] -\u2013><!-- [et_pb_line_break_holder] -->   <span><!-- [et_pb_line_break_holder] -->    <strong>Adreces IP<\/strong><!-- [et_pb_line_break_holder] -->    <!\u2013- [et_pb_br_holder] -\u2013><!-- [et_pb_line_break_holder] -->Els servidors del lloc web podran detectar autom\u00e0ticament l\u2019adre\u00e7a IP i el nom del domini utilitzats per<!-- [et_pb_line_break_holder] -->l\u2019usuari. Una adre\u00e7a IP \u00e9s un n\u00famero assignat autom\u00e0ticament a un ordinador aix\u00ed que es connecta a<!-- [et_pb_line_break_holder] -->Internet. Tota aquesta informaci\u00f3 queda registrada en un fitxer d\u2019activitat del servidor que permet<!-- [et_pb_line_break_holder] -->processar les dades posteriorment per tal d\u2019obtenir mesuratges \u00fanicament estad\u00edstics que permetin<!-- [et_pb_line_break_holder] -->con\u00e8ixer el nombre d\u2019impressions de p\u00e0gines, el nombre de visites efectuades als servidors web,<!-- [et_pb_line_break_holder] -->l\u2019ordre de visites, el punt d\u2019acc\u00e9s, etc.<!-- [et_pb_line_break_holder] -->  <\/span><!-- [et_pb_line_break_holder] -->  <!\u2013- [et_pb_br_holder] -\u2013><!-- [et_pb_line_break_holder] -->  <!\u2013- [et_pb_br_holder] -\u2013><!-- [et_pb_line_break_holder] -->   <span class=\"subtitol-politiques\"><!-- [et_pb_line_break_holder] -->    4. LLEI APLICABLE I JURISDICCI\u00d3<!-- [et_pb_line_break_holder] -->  <\/span><!-- [et_pb_line_break_holder] -->  <!\u2013- [et_pb_br_holder] -\u2013><!-- [et_pb_line_break_holder] -->  <!\u2013- [et_pb_br_holder] -\u2013><!-- [et_pb_line_break_holder] -->  <span class=\"paragraf-politiques\"><!-- [et_pb_line_break_holder] -->  Per a la resoluci\u00f3 de totes les controv\u00e8rsies o q\u00fcestions relacionades amb aquest lloc web o de les<!-- [et_pb_line_break_holder] -->activitats que s\u2019hi duen a terme, s\u2019aplicar\u00e0 la legislaci\u00f3 espanyola, a la qual se sotmeten expressament<!-- [et_pb_line_break_holder] -->les parts, els quals tindran compet\u00e8ncia suficient per a la resoluci\u00f3 de tots els conflictes derivats o<!-- [et_pb_line_break_holder] -->relacionats amb el seu \u00fas els Jutjats i Tribunals del domicili de l\u2019USUARI o el lloc de compliment de<!-- [et_pb_line_break_holder] -->l\u2019obligaci\u00f3.<!-- [et_pb_line_break_holder] -->  <\/span><!-- [et_pb_line_break_holder] --><\/div>\n<p><!-- [et_pb_line_break_holder] -->[\/et_pb_code][\/et_pb_column][\/et_pb_row][\/et_pb_section]<\/p>\n","protected":false},"excerpt":{"rendered":"","protected":false},"author":1,"featured_media":0,"parent":0,"menu_order":0,"comment_status":"closed","ping_status":"closed","template":"","meta":{"_et_pb_use_builder":"on","_et_pb_old_content":"","_et_gb_content_width":"","footnotes":""},"_links":{"self":[{"href":"https:\/\/vegra400.com\/ca\/wp-json\/wp\/v2\/pages\/1500"}],"collection":[{"href":"https:\/\/vegra400.com\/ca\/wp-json\/wp\/v2\/pages"}],"about":[{"href":"https:\/\/vegra400.com\/ca\/wp-json\/wp\/v2\/types\/page"}],"author":[{"embeddable":true,"href":"https:\/\/vegra400.com\/ca\/wp-json\/wp\/v2\/users\/1"}],"replies":[{"embeddable":true,"href":"https:\/\/vegra400.com\/ca\/wp-json\/wp\/v2\/comments?post=1500"}],"version-history":[{"count":3,"href":"https:\/\/vegra400.com\/ca\/wp-json\/wp\/v2\/pages\/1500\/revisions"}],"predecessor-version":[{"id":1503,"href":"https:\/\/vegra400.com\/ca\/wp-json\/wp\/v2\/pages\/1500\/revisions\/1503"}],"wp:attachment":[{"href":"https:\/\/vegra400.com\/ca\/wp-json\/wp\/v2\/media?parent=1500"}],"curies":[{"name":"wp","href":"https:\/\/api.w.org\/{rel}","templated":true}]}}