{"id":1292,"date":"2020-09-10T16:58:48","date_gmt":"2020-09-10T16:58:48","guid":{"rendered":"https:\/\/vegra400.com\/productes\/ventiladors-industrials\/"},"modified":"2021-06-16T14:03:14","modified_gmt":"2021-06-16T14:03:14","slug":"ventiladors-industrials","status":"publish","type":"page","link":"https:\/\/vegra400.com\/ca\/productes\/ventiladors-industrials\/","title":{"rendered":"Ventiladors industrials"},"content":{"rendered":"<p>[et_pb_section fb_built=&#8221;1&#8243; module_class=&#8221;snake_case_imageninicial&#8221; _builder_version=&#8221;4.6.1&#8243; _module_preset=&#8221;default&#8221; background_color=&#8221;#2b2b2b&#8221; background_image=&#8221;http:\/\/vegra400.com\/wp-content\/uploads\/2020\/09\/fondoblog.jpg&#8221; locked=&#8221;off&#8221;][et_pb_row _builder_version=&#8221;4.6.1&#8243; _module_preset=&#8221;default&#8221;][et_pb_column type=&#8221;4_4&#8243; _builder_version=&#8221;4.6.1&#8243; _module_preset=&#8221;default&#8221;][et_pb_text _builder_version=&#8221;4.6.3&#8243; _module_preset=&#8221;default&#8221; text_text_color=&#8221;#ffffff&#8221; text_font_size=&#8221;68px&#8221; text_line_height=&#8221;1.1em&#8221; text_orientation=&#8221;center&#8221; animation_direction=&#8221;right&#8221; text_font_size_tablet=&#8221;45px&#8221; text_font_size_phone=&#8221;&#8221; text_font_size_last_edited=&#8221;on|phone&#8221; locked=&#8221;off&#8221;]<\/p>\n<p>VENTILADORS INDUSTRIALS<\/p>\n<p>[\/et_pb_text][\/et_pb_column][\/et_pb_row][\/et_pb_section][et_pb_section fb_built=&#8221;1&#8243; _builder_version=&#8221;4.6.1&#8243; _module_preset=&#8221;default&#8221;][et_pb_row column_structure=&#8221;1_3,2_3&#8243; _builder_version=&#8221;4.6.1&#8243; _module_preset=&#8221;default&#8221;][et_pb_column type=&#8221;1_3&#8243; _builder_version=&#8221;4.6.1&#8243; _module_preset=&#8221;default&#8221;][et_pb_toggle title=&#8221;VENTILADORS INDUSTRIALS&#8221; open=&#8221;on&#8221; open_toggle_background_color=&#8221;rgba(0,0,0,0)&#8221; closed_toggle_text_color=&#8221;#ffffff&#8221; closed_toggle_background_color=&#8221;rgba(0,0,0,0)&#8221; icon_color=&#8221;#211915&#8243; module_class=&#8221;snake_case_menudesplegableficha&#8221; _builder_version=&#8221;4.9.2&#8243; _module_preset=&#8221;default&#8221; title_level=&#8221;h3&#8243; body_font=&#8221;|600|||||||&#8221; body_line_height=&#8221;2em&#8221; border_radii=&#8221;on|20px|20px|20px|20px&#8221; border_width_all=&#8221;0px&#8221; global_module=&#8221;774&#8243; saved_tabs=&#8221;all&#8221;]<\/p>\n<div class=\"snake_case_enlaceaficha\" id=\"linkconstructores3\"><a href=\"\/productos\/ventiladores-industriales\/\" class=\"product-link\">Ventiladores<\/a><\/div>\n<div class=\"snake_case_enlaceaficha\" id=\"linkconstructores3\"><a href=\"\/productos\/ventiladores-industriales\/accesorios\/\" class=\"product-link\">Accesorios<\/a><\/div>\n<p>[\/et_pb_toggle][\/et_pb_column][et_pb_column type=&#8221;2_3&#8243; _builder_version=&#8221;4.6.1&#8243; _module_preset=&#8221;default&#8221;][et_pb_text _builder_version=&#8221;4.6.3&#8243; _module_preset=&#8221;default&#8221; custom_margin=&#8221;||40px||false|false&#8221; custom_padding=&#8221;0px||0px|40px|false|false&#8221; locked=&#8221;off&#8221;]VENTILADORS[\/et_pb_text][et_pb_gallery gallery_ids=&#8221;423,422,420,421,418,419,417&#8243; posts_number=&#8221;8&#8243; show_title_and_caption=&#8221;off&#8221; show_pagination=&#8221;off&#8221; zoom_icon_color=&#8221;rgba(0,0,0,0)&#8221; hover_overlay_color=&#8221;rgba(0,0,0,0)&#8221; module_class=&#8221;snake_case_galeriaiconos&#8221; _builder_version=&#8221;4.6.1&#8243; _module_preset=&#8221;default&#8221; border_radii_image=&#8221;on|10px|10px|10px|10px&#8221; box_shadow_style_image=&#8221;preset1&#8243;][\/et_pb_gallery][et_pb_tabs active_tab_background_color=&#8221;#ffffff&#8221; inactive_tab_background_color=&#8221;#7eaacb&#8221; active_tab_text_color=&#8221;#211915&#8243; module_class=&#8221;snake_case_tabsficha&#8221; _builder_version=&#8221;4.9.2&#8243; _module_preset=&#8221;default&#8221; tab_text_color=&#8221;#ffffff&#8221; tab_font_size=&#8221;16px&#8221; tab_line_height=&#8221;2.3em&#8221; background_enable_color=&#8221;off&#8221; module_alignment=&#8221;center&#8221; border_radii=&#8221;on|20px|20px|20px|20px&#8221; border_width_all=&#8221;0px&#8221; box_shadow_style=&#8221;preset1&#8243;][et_pb_tab title=&#8221;INFORMACI\u00d3 T\u00c8CNICA&#8221; _builder_version=&#8221;4.9.2&#8243; _module_preset=&#8221;default&#8221;]<\/p>\n<p>Som distribu\u00efdors directes de les millors marques en difusors com Euroclima \/ Trox\/ Madel \/AVC \/ SCHAKO \/ entre altres<\/p>\n<p>Ventiladors en l\u00ednia per conductes.<br \/>Ventiladors Helicoidals.<br \/>Ventiladors Centr\u00edfugs<br \/>Extractors per evacuaci\u00f3 de fums<br \/>Sistemes de control de pressuritzaci\u00f3<br \/>Extractors per atmosferes explosives Atex<br \/>Extractors de sostre.<br \/>Sistema de ventilaci\u00f3 per habitatges.<br \/>Recuperadors de calor.<br \/>Unitats de filtraci\u00f3.<br \/>Cortines d\u2019aire.<\/p>\n<p>[\/et_pb_tab][\/et_pb_tabs][\/et_pb_column][\/et_pb_row][\/et_pb_section]<\/p>\n","protected":false},"excerpt":{"rendered":"<p>VENTILADORS INDUSTRIALSVentiladores Accesorios VENTILADORSSom distribu\u00efdors directes de les millors marques en difusors com Euroclima \/ Trox\/ Madel \/AVC \/ SCHAKO \/ entre altres Ventiladors en l\u00ednia per conductes.Ventiladors Helicoidals.Ventiladors Centr\u00edfugsExtractors per evacuaci\u00f3 de fumsSistemes de control de pressuritzaci\u00f3Extractors per atmosferes explosives AtexExtractors de sostre.Sistema de ventilaci\u00f3 per habitatges.Recuperadors de calor.Unitats de filtraci\u00f3.Cortines d\u2019aire.<\/p>\n","protected":false},"author":1,"featured_media":0,"parent":1151,"menu_order":0,"comment_status":"closed","ping_status":"closed","template":"","meta":{"_et_pb_use_builder":"on","_et_pb_old_content":"","_et_gb_content_width":"","footnotes":""},"_links":{"self":[{"href":"https:\/\/vegra400.com\/ca\/wp-json\/wp\/v2\/pages\/1292"}],"collection":[{"href":"https:\/\/vegra400.com\/ca\/wp-json\/wp\/v2\/pages"}],"about":[{"href":"https:\/\/vegra400.com\/ca\/wp-json\/wp\/v2\/types\/page"}],"author":[{"embeddable":true,"href":"https:\/\/vegra400.com\/ca\/wp-json\/wp\/v2\/users\/1"}],"replies":[{"embeddable":true,"href":"https:\/\/vegra400.com\/ca\/wp-json\/wp\/v2\/comments?post=1292"}],"version-history":[{"count":2,"href":"https:\/\/vegra400.com\/ca\/wp-json\/wp\/v2\/pages\/1292\/revisions"}],"predecessor-version":[{"id":1294,"href":"https:\/\/vegra400.com\/ca\/wp-json\/wp\/v2\/pages\/1292\/revisions\/1294"}],"up":[{"embeddable":true,"href":"https:\/\/vegra400.com\/ca\/wp-json\/wp\/v2\/pages\/1151"}],"wp:attachment":[{"href":"https:\/\/vegra400.com\/ca\/wp-json\/wp\/v2\/media?parent=1292"}],"curies":[{"name":"wp","href":"https:\/\/api.w.org\/{rel}","templated":true}]}}