{"id":1272,"date":"2021-03-16T08:39:33","date_gmt":"2021-03-16T08:39:33","guid":{"rendered":"https:\/\/vegra400.com\/productes\/proteccio-passiva-contra-foc\/comportes-tallafocs-rectangulars\/"},"modified":"2021-06-16T13:48:50","modified_gmt":"2021-06-16T13:48:50","slug":"comportes-tallafocs-rectangulars","status":"publish","type":"page","link":"https:\/\/vegra400.com\/ca\/productes\/proteccio-passiva-contra-foc\/comportes-tallafocs-rectangulars\/","title":{"rendered":"Comportes tallafocs rectangulars"},"content":{"rendered":"<p>[et_pb_section fb_built=&#8221;1&#8243; module_class=&#8221;snake_case_imageninicial&#8221; _builder_version=&#8221;4.6.1&#8243; _module_preset=&#8221;default&#8221; background_color=&#8221;#2b2b2b&#8221; background_image=&#8221;http:\/\/vegra400.com\/wp-content\/uploads\/2020\/09\/fondoblog.jpg&#8221; locked=&#8221;off&#8221;][et_pb_row _builder_version=&#8221;4.6.1&#8243; _module_preset=&#8221;default&#8221;][et_pb_column type=&#8221;4_4&#8243; _builder_version=&#8221;4.6.1&#8243; _module_preset=&#8221;default&#8221;][et_pb_text _builder_version=&#8221;4.6.3&#8243; _module_preset=&#8221;default&#8221; text_text_color=&#8221;#ffffff&#8221; text_font_size=&#8221;68px&#8221; text_line_height=&#8221;1.1em&#8221; text_orientation=&#8221;center&#8221; animation_direction=&#8221;right&#8221; text_font_size_tablet=&#8221;45px&#8221; text_font_size_phone=&#8221;&#8221; text_font_size_last_edited=&#8221;on|phone&#8221; locked=&#8221;off&#8221;]<\/p>\n<p>PROTECCI\u00d3 PASSIVA CONTRA EL FOC<\/p>\n<p>[\/et_pb_text][\/et_pb_column][\/et_pb_row][\/et_pb_section][et_pb_section fb_built=&#8221;1&#8243; _builder_version=&#8221;4.6.1&#8243; _module_preset=&#8221;default&#8221;][et_pb_row column_structure=&#8221;1_3,2_3&#8243; _builder_version=&#8221;4.6.1&#8243; _module_preset=&#8221;default&#8221;][et_pb_column type=&#8221;1_3&#8243; _builder_version=&#8221;4.6.1&#8243; _module_preset=&#8221;default&#8221;][et_pb_toggle title=&#8221;PROTECCI\u00d3 PASSIVA CONTRA EL FOC&#8221; open=&#8221;on&#8221; open_toggle_background_color=&#8221;rgba(0,0,0,0)&#8221; closed_toggle_text_color=&#8221;#ffffff&#8221; closed_toggle_background_color=&#8221;rgba(0,0,0,0)&#8221; icon_color=&#8221;#211915&#8243; module_class=&#8221;snake_case_menudesplegableficha&#8221; _builder_version=&#8221;4.9.2&#8243; _module_preset=&#8221;default&#8221; title_level=&#8221;h3&#8243; body_font=&#8221;|600|||||||&#8221; body_line_height=&#8221;2em&#8221; border_radii=&#8221;on|20px|20px|20px|20px&#8221; border_width_all=&#8221;0px&#8221; global_module=&#8221;783&#8243; saved_tabs=&#8221;all&#8221;]<\/p>\n<div class=\"snake_case_enlaceaficha\" id=\"linkconstructores3\"><a href=\"\/productos\/proteccion-pasiva-contra-el-fuego\/\" class=\"product-link\">Manguitos Cortafuegos<\/a><\/div>\n<div class=\"snake_case_enlaceaficha\" id=\"linkconstructores3\"><a href=\"\/productos\/proteccion-pasiva-contra-el-fuego\/cartuchos-cortafuegos\/\" class=\"product-link\">Cartuchos Cortafuegos<\/a><\/div>\n<div class=\"snake_case_enlaceaficha\" id=\"linkconstructores3\"><a href=\"\/productos\/proteccion-pasiva-contra-el-fuego\/compuertas-cortafuegos-rectangulares\/\" class=\"product-link\">Compuertas Cortafuegos Rectangulares <\/a><\/div>\n<div class=\"snake_case_enlaceaficha\" id=\"linkconstructores3\"><a href=\"\/productos\/proteccion-pasiva-contra-el-fuego\/compuertas-cortafuegos-circulares\/\" class=\"product-link\">Compuertas Cortafuegos Circulares<\/a><\/div>\n<div class=\"snake_case_enlaceaficha\" id=\"linkconstructores3\"><a href=\"\/productos\/proteccion-pasiva-contra-el-fuego\/rejillas-intumescentes-cortafuego\/\" class=\"product-link\">Rejillas Intumescentes Cortafuego<\/a><\/div>\n<div class=\"snake_case_enlaceaficha\" id=\"linkconstructores3\"><a href=\"\/productos\/proteccion-pasiva-contra-el-fuego\/exhutories-industriales\/\" class=\"product-link\">Exhutories industriales<\/a><\/div>\n<div class=\"snake_case_enlaceaficha\" id=\"linkconstructores3\"><a href=\"\/productos\/proteccion-pasiva-contra-el-fuego\/placas-y-accesorios\/\" class=\"product-link\">Placas y Accesorios<\/a><\/div>\n<p>[\/et_pb_toggle][\/et_pb_column][et_pb_column type=&#8221;2_3&#8243; _builder_version=&#8221;4.6.1&#8243; _module_preset=&#8221;default&#8221;][et_pb_text _builder_version=&#8221;4.9.2&#8243; _module_preset=&#8221;default&#8221; custom_padding=&#8221;0px||0px|40px|false|false&#8221; locked=&#8221;off&#8221; min_height=&#8221;90px&#8221;]Comportes tallafocs rectangulars [\/et_pb_text][et_pb_gallery gallery_ids=&#8221;423,422,420,421,418,419,417&#8243; posts_number=&#8221;8&#8243; show_title_and_caption=&#8221;off&#8221; show_pagination=&#8221;off&#8221; zoom_icon_color=&#8221;rgba(0,0,0,0)&#8221; hover_overlay_color=&#8221;rgba(0,0,0,0)&#8221; module_class=&#8221;snake_case_galeriaiconos&#8221; _builder_version=&#8221;4.6.1&#8243; _module_preset=&#8221;default&#8221; border_radii_image=&#8221;on|10px|10px|10px|10px&#8221; box_shadow_style_image=&#8221;preset1&#8243;][\/et_pb_gallery][et_pb_tabs active_tab_background_color=&#8221;#ffffff&#8221; inactive_tab_background_color=&#8221;#7eaacb&#8221; active_tab_text_color=&#8221;#211915&#8243; module_class=&#8221;snake_case_tabsficha&#8221; _builder_version=&#8221;4.9.2&#8243; _module_preset=&#8221;default&#8221; tab_text_color=&#8221;#ffffff&#8221; tab_font_size=&#8221;16px&#8221; tab_line_height=&#8221;2.3em&#8221; background_enable_color=&#8221;off&#8221; module_alignment=&#8221;center&#8221; border_radii=&#8221;on|20px|20px|20px|20px&#8221; border_width_all=&#8221;0px&#8221; box_shadow_style=&#8221;preset1&#8243;][et_pb_tab title=&#8221;INFORMACI\u00d3 T\u00c8CNICA&#8221; _builder_version=&#8221;4.9.2&#8243; _module_preset=&#8221;default&#8221;]<\/p>\n<h6>Avantatges i caracter\u00edstiques constructives<\/h6>\n<p>F\u00e0cil instal\u00b7laci\u00f3.<br \/>Secci\u00f3 neta i p\u00e8rdues de c\u00e0rrega m\u00ednimes.<br \/>Estanquitat a l&#8217;aire classe C segons EN1751.<br \/>Temperatura m\u00e0xima de l&#8217;aire en condicions normals: 70\u00baC.<br \/>Resist\u00e8ncia al foc<\/p>\n<h6>Di\u00e0metres disponibles (mm)<\/h6>\n<p>de 200mm a 630mm.<\/p>\n<p>[\/et_pb_tab][\/et_pb_tabs][\/et_pb_column][\/et_pb_row][\/et_pb_section]<\/p>\n","protected":false},"excerpt":{"rendered":"<p>PROTECCI\u00d3 PASSIVA CONTRA EL FOCManguitos Cortafuegos Cartuchos Cortafuegos Compuertas Cortafuegos Rectangulares Compuertas Cortafuegos Circulares Rejillas Intumescentes Cortafuego Exhutories industriales Placas y Accesorios Comportes tallafocs rectangulars Avantatges i caracter\u00edstiques constructives F\u00e0cil instal\u00b7laci\u00f3.Secci\u00f3 neta i p\u00e8rdues de c\u00e0rrega m\u00ednimes.Estanquitat a l&#8217;aire classe C segons EN1751.Temperatura m\u00e0xima de l&#8217;aire en condicions normals: 70\u00baC.Resist\u00e8ncia al foc Di\u00e0metres disponibles (mm) [&hellip;]<\/p>\n","protected":false},"author":1,"featured_media":0,"parent":1260,"menu_order":0,"comment_status":"closed","ping_status":"closed","template":"","meta":{"_et_pb_use_builder":"on","_et_pb_old_content":"","_et_gb_content_width":"","footnotes":""},"_links":{"self":[{"href":"https:\/\/vegra400.com\/ca\/wp-json\/wp\/v2\/pages\/1272"}],"collection":[{"href":"https:\/\/vegra400.com\/ca\/wp-json\/wp\/v2\/pages"}],"about":[{"href":"https:\/\/vegra400.com\/ca\/wp-json\/wp\/v2\/types\/page"}],"author":[{"embeddable":true,"href":"https:\/\/vegra400.com\/ca\/wp-json\/wp\/v2\/users\/1"}],"replies":[{"embeddable":true,"href":"https:\/\/vegra400.com\/ca\/wp-json\/wp\/v2\/comments?post=1272"}],"version-history":[{"count":2,"href":"https:\/\/vegra400.com\/ca\/wp-json\/wp\/v2\/pages\/1272\/revisions"}],"predecessor-version":[{"id":1274,"href":"https:\/\/vegra400.com\/ca\/wp-json\/wp\/v2\/pages\/1272\/revisions\/1274"}],"up":[{"embeddable":true,"href":"https:\/\/vegra400.com\/ca\/wp-json\/wp\/v2\/pages\/1260"}],"wp:attachment":[{"href":"https:\/\/vegra400.com\/ca\/wp-json\/wp\/v2\/media?parent=1272"}],"curies":[{"name":"wp","href":"https:\/\/api.w.org\/{rel}","templated":true}]}}