{"id":1269,"date":"2021-03-16T08:42:11","date_gmt":"2021-03-16T08:42:11","guid":{"rendered":"https:\/\/vegra400.com\/productes\/proteccio-passiva-contra-foc\/comportes-tallafocs-circulars\/"},"modified":"2021-06-16T13:45:54","modified_gmt":"2021-06-16T13:45:54","slug":"comportes-tallafocs-circulars","status":"publish","type":"page","link":"https:\/\/vegra400.com\/ca\/productes\/proteccio-passiva-contra-foc\/comportes-tallafocs-circulars\/","title":{"rendered":"Comportes tallafocs circulars"},"content":{"rendered":"<p>[et_pb_section fb_built=&#8221;1&#8243; module_class=&#8221;snake_case_imageninicial&#8221; _builder_version=&#8221;4.6.1&#8243; _module_preset=&#8221;default&#8221; background_color=&#8221;#2b2b2b&#8221; background_image=&#8221;http:\/\/vegra400.com\/wp-content\/uploads\/2020\/09\/fondoblog.jpg&#8221; locked=&#8221;off&#8221;][et_pb_row _builder_version=&#8221;4.6.1&#8243; _module_preset=&#8221;default&#8221;][et_pb_column type=&#8221;4_4&#8243; _builder_version=&#8221;4.6.1&#8243; _module_preset=&#8221;default&#8221;][et_pb_text _builder_version=&#8221;4.6.3&#8243; _module_preset=&#8221;default&#8221; text_font=&#8221;Rubik|700|||||||&#8221; text_text_color=&#8221;#ffffff&#8221; text_font_size=&#8221;68px&#8221; text_line_height=&#8221;1.1em&#8221; text_orientation=&#8221;center&#8221; animation_direction=&#8221;right&#8221; text_font_size_tablet=&#8221;45px&#8221; text_font_size_phone=&#8221;&#8221; text_font_size_last_edited=&#8221;on|phone&#8221; locked=&#8221;off&#8221;]<\/p>\n<p>PROTECCI\u00d3 PASSIVA CONTRA EL FOC<\/p>\n<p>[\/et_pb_text][\/et_pb_column][\/et_pb_row][\/et_pb_section][et_pb_section fb_built=&#8221;1&#8243; _builder_version=&#8221;4.6.1&#8243; _module_preset=&#8221;default&#8221;][et_pb_row column_structure=&#8221;1_3,2_3&#8243; _builder_version=&#8221;4.6.1&#8243; _module_preset=&#8221;default&#8221;][et_pb_column type=&#8221;1_3&#8243; _builder_version=&#8221;4.6.1&#8243; _module_preset=&#8221;default&#8221;][et_pb_toggle title=&#8221;PROTECCI\u00d3 PASSIVA CONTRA EL FOC&#8221; open=&#8221;on&#8221; open_toggle_background_color=&#8221;rgba(0,0,0,0)&#8221; closed_toggle_text_color=&#8221;#ffffff&#8221; closed_toggle_background_color=&#8221;rgba(0,0,0,0)&#8221; icon_color=&#8221;#211915&#8243; module_class=&#8221;snake_case_menudesplegableficha&#8221; _builder_version=&#8221;4.9.2&#8243; _module_preset=&#8221;default&#8221; title_level=&#8221;h3&#8243; body_font=&#8221;|600|||||||&#8221; body_line_height=&#8221;2em&#8221; border_radii=&#8221;on|20px|20px|20px|20px&#8221; border_width_all=&#8221;0px&#8221; global_module=&#8221;783&#8243; saved_tabs=&#8221;all&#8221;]<\/p>\n<div class=\"snake_case_enlaceaficha\" id=\"linkconstructores3\"><a href=\"\/productos\/proteccion-pasiva-contra-el-fuego\/\" class=\"product-link\">Manguitos Cortafuegos<\/a><\/div>\n<div class=\"snake_case_enlaceaficha\" id=\"linkconstructores3\"><a href=\"\/productos\/proteccion-pasiva-contra-el-fuego\/cartuchos-cortafuegos\/\" class=\"product-link\">Cartuchos Cortafuegos<\/a><\/div>\n<div class=\"snake_case_enlaceaficha\" id=\"linkconstructores3\"><a href=\"\/productos\/proteccion-pasiva-contra-el-fuego\/compuertas-cortafuegos-rectangulares\/\" class=\"product-link\">Compuertas Cortafuegos Rectangulares <\/a><\/div>\n<div class=\"snake_case_enlaceaficha\" id=\"linkconstructores3\"><a href=\"\/productos\/proteccion-pasiva-contra-el-fuego\/compuertas-cortafuegos-circulares\/\" class=\"product-link\">Compuertas Cortafuegos Circulares<\/a><\/div>\n<div class=\"snake_case_enlaceaficha\" id=\"linkconstructores3\"><a href=\"\/productos\/proteccion-pasiva-contra-el-fuego\/rejillas-intumescentes-cortafuego\/\" class=\"product-link\">Rejillas Intumescentes Cortafuego<\/a><\/div>\n<div class=\"snake_case_enlaceaficha\" id=\"linkconstructores3\"><a href=\"\/productos\/proteccion-pasiva-contra-el-fuego\/exhutories-industriales\/\" class=\"product-link\">Exhutories industriales<\/a><\/div>\n<div class=\"snake_case_enlaceaficha\" id=\"linkconstructores3\"><a href=\"\/productos\/proteccion-pasiva-contra-el-fuego\/placas-y-accesorios\/\" class=\"product-link\">Placas y Accesorios<\/a><\/div>\n<p>[\/et_pb_toggle][\/et_pb_column][et_pb_column type=&#8221;2_3&#8243; _builder_version=&#8221;4.6.1&#8243; _module_preset=&#8221;default&#8221;][et_pb_text _builder_version=&#8221;4.9.2&#8243; _module_preset=&#8221;default&#8221; text_font=&#8221;Rubik|700|||||||&#8221; text_font_size=&#8221;45px&#8221; text_line_height=&#8221;0.8em&#8221; custom_margin=&#8221;||40px||false|false&#8221; custom_padding=&#8221;0px||0px|40px|false|false&#8221; border_radii=&#8221;on|0px|0px|0px|0px&#8221; border_width_all=&#8221;3px&#8221; border_width_top=&#8221;0px&#8221; border_width_right=&#8221;0px&#8221; border_width_bottom=&#8221;0px&#8221; border_color_bottom=&#8221;#ffffff&#8221; border_width_left=&#8221;4px&#8221; border_color_left=&#8221;#7eaacb&#8221; border_width_bottom_tablet=&#8221;&#8221; border_width_bottom_phone=&#8221;&#8221; border_width_bottom_last_edited=&#8221;on|desktop&#8221; locked=&#8221;off&#8221;]Comportes tallafocs circulars[\/et_pb_text][et_pb_gallery gallery_ids=&#8221;423,422,420,421,418,419,417&#8243; posts_number=&#8221;8&#8243; show_title_and_caption=&#8221;off&#8221; show_pagination=&#8221;off&#8221; zoom_icon_color=&#8221;rgba(0,0,0,0)&#8221; hover_overlay_color=&#8221;rgba(0,0,0,0)&#8221; module_class=&#8221;snake_case_galeriaiconos&#8221; _builder_version=&#8221;4.6.1&#8243; _module_preset=&#8221;default&#8221; border_radii_image=&#8221;on|10px|10px|10px|10px&#8221; box_shadow_style_image=&#8221;preset1&#8243;][\/et_pb_gallery][et_pb_tabs active_tab_background_color=&#8221;#ffffff&#8221; inactive_tab_background_color=&#8221;#7eaacb&#8221; active_tab_text_color=&#8221;#211915&#8243; module_class=&#8221;snake_case_tabsficha&#8221; _builder_version=&#8221;4.9.2&#8243; _module_preset=&#8221;default&#8221; tab_text_color=&#8221;#ffffff&#8221; tab_font_size=&#8221;16px&#8221; tab_line_height=&#8221;2.3em&#8221; background_enable_color=&#8221;off&#8221; module_alignment=&#8221;center&#8221; hover_enabled=&#8221;0&#8243; border_radii=&#8221;on|20px|20px|20px|20px&#8221; border_width_all=&#8221;0px&#8221; box_shadow_style=&#8221;preset1&#8243; sticky_enabled=&#8221;0&#8243;][et_pb_tab title=&#8221;INFORMACI\u00d3 T\u00c8CNICA&#8221; _builder_version=&#8221;4.9.2&#8243; _module_preset=&#8221;default&#8221; hover_enabled=&#8221;0&#8243; sticky_enabled=&#8221;0&#8243;]Dissenyada per instal\u00b7lar-se a conductes de ventilaci\u00f3 circulars a trav\u00e9s d&#8217;una paret per evitar la propagaci\u00f3 de foc entre dues zones diferents.<\/p>\n<h6>Avantatges i caracter\u00edstiques constructives<\/h6>\n<p>El t\u00fanel de la comporta est\u00e0 fabricat en xapa i la clapeta amb material refractari, exempt d&#8217;amiant.<br \/>\nMecanisme de control despla\u00e7at de centre de la comporta el que permet una perfecta intercalaci\u00f3 a la paret. El mecanisme quedar\u00e0 instal\u00b7lat en un dels costats de la paret facilitant el seu acc\u00e9s i manipulaci\u00f3.<br \/>\nMaterial resistent a la humitat (no s&#8217;ha d&#8217;instal\u00b7lar a la intemp\u00e8rie).<br \/>\nJunta de Estanquitat de material intumescent que en cas d&#8217;incendi solda la clapeta amb el cos de la comporta.<\/p>\n<h6>Di\u00e0metres disponibles (mm)<\/h6>\n<p>de 200mm a 630mm[\/et_pb_tab][\/et_pb_tabs][\/et_pb_column][\/et_pb_row][\/et_pb_section]<\/p>\n","protected":false},"excerpt":{"rendered":"<p>PROTECCI\u00d3 PASSIVA CONTRA EL FOCManguitos Cortafuegos Cartuchos Cortafuegos Compuertas Cortafuegos Rectangulares Compuertas Cortafuegos Circulares Rejillas Intumescentes Cortafuego Exhutories industriales Placas y Accesorios Comportes tallafocs circularsDissenyada per instal\u00b7lar-se a conductes de ventilaci\u00f3 circulars a trav\u00e9s d&#8217;una paret per evitar la propagaci\u00f3 de foc entre dues zones diferents. Avantatges i caracter\u00edstiques constructives El t\u00fanel de la comporta [&hellip;]<\/p>\n","protected":false},"author":1,"featured_media":0,"parent":1260,"menu_order":0,"comment_status":"closed","ping_status":"closed","template":"","meta":{"_et_pb_use_builder":"on","_et_pb_old_content":"","_et_gb_content_width":"","footnotes":""},"_links":{"self":[{"href":"https:\/\/vegra400.com\/ca\/wp-json\/wp\/v2\/pages\/1269"}],"collection":[{"href":"https:\/\/vegra400.com\/ca\/wp-json\/wp\/v2\/pages"}],"about":[{"href":"https:\/\/vegra400.com\/ca\/wp-json\/wp\/v2\/types\/page"}],"author":[{"embeddable":true,"href":"https:\/\/vegra400.com\/ca\/wp-json\/wp\/v2\/users\/1"}],"replies":[{"embeddable":true,"href":"https:\/\/vegra400.com\/ca\/wp-json\/wp\/v2\/comments?post=1269"}],"version-history":[{"count":2,"href":"https:\/\/vegra400.com\/ca\/wp-json\/wp\/v2\/pages\/1269\/revisions"}],"predecessor-version":[{"id":1271,"href":"https:\/\/vegra400.com\/ca\/wp-json\/wp\/v2\/pages\/1269\/revisions\/1271"}],"up":[{"embeddable":true,"href":"https:\/\/vegra400.com\/ca\/wp-json\/wp\/v2\/pages\/1260"}],"wp:attachment":[{"href":"https:\/\/vegra400.com\/ca\/wp-json\/wp\/v2\/media?parent=1269"}],"curies":[{"name":"wp","href":"https:\/\/api.w.org\/{rel}","templated":true}]}}