{"id":1251,"date":"2020-09-10T16:59:29","date_gmt":"2020-09-10T16:59:29","guid":{"rendered":"https:\/\/vegra400.com\/productes\/altres-productes\/"},"modified":"2021-06-16T15:00:09","modified_gmt":"2021-06-16T15:00:09","slug":"altres-productes","status":"publish","type":"page","link":"https:\/\/vegra400.com\/ca\/productes\/altres-productes\/","title":{"rendered":"Altres productes"},"content":{"rendered":"<p>[et_pb_section fb_built=&#8221;1&#8243; module_class=&#8221;snake_case_imageninicial&#8221; _builder_version=&#8221;4.6.1&#8243; _module_preset=&#8221;default&#8221; background_color=&#8221;#2b2b2b&#8221; background_image=&#8221;http:\/\/vegra400.com\/wp-content\/uploads\/2020\/09\/fondoblog.jpg&#8221; locked=&#8221;off&#8221;][et_pb_row _builder_version=&#8221;4.6.1&#8243; _module_preset=&#8221;default&#8221;][et_pb_column type=&#8221;4_4&#8243; _builder_version=&#8221;4.6.1&#8243; _module_preset=&#8221;default&#8221;][et_pb_text _builder_version=&#8221;4.6.1&#8243; _module_preset=&#8221;default&#8221; text_text_color=&#8221;#ffffff&#8221; text_font_size=&#8221;68px&#8221; text_line_height=&#8221;1.1em&#8221; text_orientation=&#8221;center&#8221; animation_direction=&#8221;right&#8221; text_font_size_tablet=&#8221;45px&#8221; text_font_size_phone=&#8221;&#8221; text_font_size_last_edited=&#8221;on|phone&#8221; locked=&#8221;off&#8221;]<\/p>\n<p>ALTRES PRODUCTES<\/p>\n<p>[\/et_pb_text][\/et_pb_column][\/et_pb_row][\/et_pb_section][et_pb_section fb_built=&#8221;1&#8243; _builder_version=&#8221;4.6.1&#8243; _module_preset=&#8221;default&#8221;][et_pb_row column_structure=&#8221;1_3,2_3&#8243; _builder_version=&#8221;4.9.7&#8243; _module_preset=&#8221;default&#8221;][et_pb_column type=&#8221;1_3&#8243; _builder_version=&#8221;4.6.1&#8243; _module_preset=&#8221;default&#8221;][et_pb_toggle title=&#8221;ALTRES PRODUCTES&#8221; open=&#8221;on&#8221; open_toggle_background_color=&#8221;rgba(0,0,0,0)&#8221; closed_toggle_text_color=&#8221;#ffffff&#8221; closed_toggle_background_color=&#8221;rgba(0,0,0,0)&#8221; icon_color=&#8221;#211915&#8243; module_class=&#8221;snake_case_menudesplegableficha&#8221; _builder_version=&#8221;4.9.2&#8243; _module_preset=&#8221;default&#8221; title_level=&#8221;h3&#8243; body_font=&#8221;|600|||||||&#8221; body_line_height=&#8221;2em&#8221; border_radii=&#8221;on|20px|20px|20px|20px&#8221; border_width_all=&#8221;0px&#8221; global_module=&#8221;816&#8243; saved_tabs=&#8221;all&#8221;]<\/p>\n<div id=\"linkconstructores3\" class=\"snake_case_enlaceaficha\"><a class=\"product-link\" href=\"\/ca\/productes\/altres-productes\/\">Sostres<\/a><\/div>\n<div id=\"linkconstructores3\" class=\"snake_case_enlaceaficha\"><a class=\"product-link\" href=\"\/ca\/productes\/altres-productes\/iluminacio-natural\/\">Il\u00b7luminaci\u00f3 Natural<\/a><\/div>\n<div id=\"linkconstructores3\" class=\"snake_case_enlaceaficha\"><a class=\"product-link\" href=\"\/ca\/productes\/altres-productes\/construccio-en-sec\/\">Construcci\u00f3 en sec<\/a><\/div>\n<div id=\"linkconstructores3\" class=\"snake_case_enlaceaficha\"><a class=\"product-link\" href=\"\/ca\/productes\/altres-productes\/aillament-termic-i-acustic\/\">A\u00efllament t\u00e8rmic i ac\u00fastic<\/a><\/div>\n<p>[\/et_pb_toggle][\/et_pb_column][et_pb_column type=&#8221;2_3&#8243; _builder_version=&#8221;4.6.1&#8243; _module_preset=&#8221;default&#8221;][et_pb_text _builder_version=&#8221;4.9.7&#8243; _module_preset=&#8221;default&#8221; custom_margin=&#8221;||40px||false|false&#8221; custom_padding=&#8221;0px||0px|40px|false|false&#8221; locked=&#8221;off&#8221;]Sostres[\/et_pb_text][et_pb_gallery gallery_ids=&#8221;423,422,420,421,418,419,417&#8243; posts_number=&#8221;8&#8243; show_title_and_caption=&#8221;off&#8221; show_pagination=&#8221;off&#8221; zoom_icon_color=&#8221;rgba(0,0,0,0)&#8221; hover_overlay_color=&#8221;rgba(0,0,0,0)&#8221; _builder_version=&#8221;4.9.7&#8243; _module_preset=&#8221;default&#8221; hover_enabled=&#8221;0&#8243; border_radii_image=&#8221;on|10px|10px|10px|10px&#8221; box_shadow_style_image=&#8221;preset1&#8243; module_class=&#8221;snake_case_galeriaiconos&#8221; sticky_enabled=&#8221;0&#8243;][\/et_pb_gallery][et_pb_tabs active_tab_background_color=&#8221;#ffffff&#8221; inactive_tab_background_color=&#8221;#7eaacb&#8221; active_tab_text_color=&#8221;#211915&#8243; module_class=&#8221;snake_case_tabsficha&#8221; _builder_version=&#8221;4.9.7&#8243; _module_preset=&#8221;default&#8221; tab_text_color=&#8221;#ffffff&#8221; tab_font_size=&#8221;16px&#8221; tab_line_height=&#8221;2.3em&#8221; background_enable_color=&#8221;off&#8221; module_alignment=&#8221;center&#8221; border_radii=&#8221;on|20px|20px|20px|20px&#8221; border_width_all=&#8221;0px&#8221; box_shadow_style=&#8221;preset1&#8243;][et_pb_tab title=&#8221;INFORMACI\u00d3 T\u00c8CNICA&#8221; _builder_version=&#8221;4.9.2&#8243; _module_preset=&#8221;default&#8221;]<\/p>\n<h6>&#8211; Accessoris<\/h6>\n<h6>&#8211; Safates Met\u00e0l\u00b7liques<\/h6>\n<h6>&#8211; Escaiola Alleugerada<\/h6>\n<h6>&#8211; Sostres Desmuntables<\/h6>\n<h6>&#8211; Fibres Minerals<\/h6>\n<h6>&#8211; Sostres Ac\u00fastics<\/h6>\n<h6>&#8211; Lames<\/h6>\n<h6>&#8211; Llana de Vidre per Sostres<\/h6>\n<h6>&#8211; Perfils per a sostres<\/h6>\n<p>[\/et_pb_tab][\/et_pb_tabs][\/et_pb_column][\/et_pb_row][\/et_pb_section]<\/p>\n","protected":false},"excerpt":{"rendered":"<p>ALTRES PRODUCTESSostres Il\u00b7luminaci\u00f3 Natural Construcci\u00f3 en sec A\u00efllament t\u00e8rmic i ac\u00fastic Sostres- Accessoris &#8211; Safates Met\u00e0l\u00b7liques &#8211; Escaiola Alleugerada &#8211; Sostres Desmuntables &#8211; Fibres Minerals &#8211; Sostres Ac\u00fastics &#8211; Lames &#8211; Llana de Vidre per Sostres &#8211; Perfils per a sostres<\/p>\n","protected":false},"author":1,"featured_media":0,"parent":1151,"menu_order":0,"comment_status":"closed","ping_status":"closed","template":"","meta":{"_et_pb_use_builder":"on","_et_pb_old_content":"","_et_gb_content_width":"","footnotes":""},"_links":{"self":[{"href":"https:\/\/vegra400.com\/ca\/wp-json\/wp\/v2\/pages\/1251"}],"collection":[{"href":"https:\/\/vegra400.com\/ca\/wp-json\/wp\/v2\/pages"}],"about":[{"href":"https:\/\/vegra400.com\/ca\/wp-json\/wp\/v2\/types\/page"}],"author":[{"embeddable":true,"href":"https:\/\/vegra400.com\/ca\/wp-json\/wp\/v2\/users\/1"}],"replies":[{"embeddable":true,"href":"https:\/\/vegra400.com\/ca\/wp-json\/wp\/v2\/comments?post=1251"}],"version-history":[{"count":11,"href":"https:\/\/vegra400.com\/ca\/wp-json\/wp\/v2\/pages\/1251\/revisions"}],"predecessor-version":[{"id":1351,"href":"https:\/\/vegra400.com\/ca\/wp-json\/wp\/v2\/pages\/1251\/revisions\/1351"}],"up":[{"embeddable":true,"href":"https:\/\/vegra400.com\/ca\/wp-json\/wp\/v2\/pages\/1151"}],"wp:attachment":[{"href":"https:\/\/vegra400.com\/ca\/wp-json\/wp\/v2\/media?parent=1251"}],"curies":[{"name":"wp","href":"https:\/\/api.w.org\/{rel}","templated":true}]}}