{"id":1234,"date":"2021-03-15T15:49:08","date_gmt":"2021-03-15T15:49:08","guid":{"rendered":"https:\/\/vegra400.com\/productes\/difusors-i-reixetes\/reixetes-marcs-i-boques-dimpulsio\/"},"modified":"2021-06-16T11:48:44","modified_gmt":"2021-06-16T11:48:44","slug":"reixetes-marcs-i-boques-dimpulsio","status":"publish","type":"page","link":"https:\/\/vegra400.com\/ca\/productes\/difusors-i-reixetes\/reixetes-marcs-i-boques-dimpulsio\/","title":{"rendered":"Reixetes, marcs i boques d\u2019Impulsi\u00f3"},"content":{"rendered":"<p>[et_pb_section fb_built=&#8221;1&#8243; module_class=&#8221;snake_case_imageninicial&#8221; _builder_version=&#8221;4.6.1&#8243; _module_preset=&#8221;default&#8221; background_color=&#8221;#2b2b2b&#8221; background_image=&#8221;http:\/\/vegra400.com\/wp-content\/uploads\/2020\/09\/fondoblog.jpg&#8221; locked=&#8221;off&#8221;][et_pb_row _builder_version=&#8221;4.6.1&#8243; _module_preset=&#8221;default&#8221;][et_pb_column type=&#8221;4_4&#8243; _builder_version=&#8221;4.6.1&#8243; _module_preset=&#8221;default&#8221;][et_pb_text _builder_version=&#8221;4.9.2&#8243; _module_preset=&#8221;default&#8221; text_text_color=&#8221;#ffffff&#8221; text_font_size=&#8221;68px&#8221; text_line_height=&#8221;1.1em&#8221; text_orientation=&#8221;center&#8221; animation_direction=&#8221;right&#8221; text_font_size_tablet=&#8221;45px&#8221; text_font_size_phone=&#8221;&#8221; text_font_size_last_edited=&#8221;on|phone&#8221; locked=&#8221;off&#8221;]<\/p>\n<p>Difusors i reixetes<\/p>\n<p>[\/et_pb_text][\/et_pb_column][\/et_pb_row][\/et_pb_section][et_pb_section fb_built=&#8221;1&#8243; _builder_version=&#8221;4.6.1&#8243; _module_preset=&#8221;default&#8221;][et_pb_row column_structure=&#8221;1_3,2_3&#8243; _builder_version=&#8221;4.6.1&#8243; _module_preset=&#8221;default&#8221;][et_pb_column type=&#8221;1_3&#8243; _builder_version=&#8221;4.6.1&#8243; _module_preset=&#8221;default&#8221;][et_pb_toggle title=&#8221;DIFUSORS I REIXETES&#8221; open=&#8221;on&#8221; open_toggle_background_color=&#8221;rgba(0,0,0,0)&#8221; closed_toggle_text_color=&#8221;#ffffff&#8221; closed_toggle_background_color=&#8221;rgba(0,0,0,0)&#8221; icon_color=&#8221;#211915&#8243; module_class=&#8221;snake_case_menudesplegableficha&#8221; _builder_version=&#8221;4.9.2&#8243; _module_preset=&#8221;default&#8221; title_level=&#8221;h3&#8243; body_font=&#8221;|600|||||||&#8221; body_line_height=&#8221;2em&#8221; border_radii=&#8221;on|20px|20px|20px|20px&#8221; border_width_all=&#8221;0px&#8221; global_module=&#8221;727&#8243; saved_tabs=&#8221;all&#8221;]<\/p>\n<div class=\"snake_case_enlaceaficha\" id=\"linkconstructores3\"><a href=\"\/productos\/difusores-y-rejillas\/compuertas\/\" class=\"product-link\">Compuertas<\/a><\/div>\n<div class=\"snake_case_enlaceaficha\" id=\"linkconstructores3\"><a href=\"\/productos\/difusores-y-rejillas\/compuertas-de-caudal-constante\" class=\"product-link\">Compuertas de caudal constante<\/a><\/div>\n<div class=\"snake_case_enlaceaficha\" id=\"linkconstructores3\"><a href=\"\/productos\/difusores-y-rejillas\/compuertas-de-regulacion-sobrepresion-y-tomas-de-aire-exterior\/\" class=\"product-link\">Compuertas de regulaci\u00f3n, sobrepresi\u00f3n y tomas de aire exterior<\/a><\/div>\n<div class=\"snake_case_enlaceaficha\" id=\"linkconstructores3\"><a href=\"\/productos\/difusores-y-rejillas\/difusores\/\" class=\"product-link\">Difusores<\/a><\/div>\n<div class=\"snake_case_enlaceaficha\" id=\"linkconstructores3\"><a href=\"\/productos\/difusores-y-rejillas\/rejillas-marcos-y-bocas-de-impulsion\/\" class=\"product-link\">Rejillas, marcos y bocas de impulsi\u00f3n<\/a><\/div>\n<div class=\"snake_case_enlaceaficha\" id=\"linkconstructores3\"><a href=\"\/productos\/difusores-y-rejillas\/toberas-de-largo-alcance\/\" class=\"product-link\">Toberas de largo alcance<\/a><\/div>\n<div class=\"snake_case_enlaceaficha\" id=\"linkconstructores3\"><a href=\"\/productos\/difusores-y-rejillas\/plenums-de-difusio-y-accesorios\/\" class=\"product-link\">Plenums de difusi\u00f3n y accesorios<\/a><\/div>\n<p>[\/et_pb_toggle][\/et_pb_column][et_pb_column type=&#8221;2_3&#8243; _builder_version=&#8221;4.6.1&#8243; _module_preset=&#8221;default&#8221;][et_pb_text _builder_version=&#8221;4.9.2&#8243; _module_preset=&#8221;default&#8221; text_line_height=&#8221;0.9em&#8221; min_height=&#8221;90px&#8221; custom_padding=&#8221;0px||4px|40px|false|false&#8221; locked=&#8221;off&#8221;]<\/p>\n<p>Reixetes, marcs i boques d\u2019Impulsi\u00f3<\/p>\n<p>[\/et_pb_text][et_pb_gallery gallery_ids=&#8221;423,422,420,421,418,419,417&#8243; posts_number=&#8221;8&#8243; show_title_and_caption=&#8221;off&#8221; show_pagination=&#8221;off&#8221; zoom_icon_color=&#8221;rgba(0,0,0,0)&#8221; hover_overlay_color=&#8221;rgba(0,0,0,0)&#8221; module_class=&#8221;snake_case_galeriaiconos&#8221; _builder_version=&#8221;4.6.1&#8243; _module_preset=&#8221;default&#8221; border_radii_image=&#8221;on|10px|10px|10px|10px&#8221; box_shadow_style_image=&#8221;preset1&#8243;][\/et_pb_gallery][et_pb_tabs active_tab_background_color=&#8221;#ffffff&#8221; inactive_tab_background_color=&#8221;#7eaacb&#8221; active_tab_text_color=&#8221;#211915&#8243; module_class=&#8221;snake_case_tabsficha&#8221; _builder_version=&#8221;4.9.2&#8243; _module_preset=&#8221;default&#8221; tab_text_color=&#8221;#ffffff&#8221; tab_font_size=&#8221;16px&#8221; tab_line_height=&#8221;2.3em&#8221; background_enable_color=&#8221;off&#8221; module_alignment=&#8221;center&#8221; border_radii=&#8221;on|20px|20px|20px|20px&#8221; border_width_all=&#8221;0px&#8221; box_shadow_style=&#8221;preset1&#8243;][et_pb_tab title=&#8221;REIXETES&#8221; _builder_version=&#8221;4.9.2&#8243; _module_preset=&#8221;default&#8221;]<\/p>\n<p>Som distribu\u00efdors directes de les millors marques a difusors com Euroclima \/ Trox \/ Madel \/ AVC \/ SCHAKO \/ entre d&#8217;altres.<\/p>\n<h5>Reixeta d&#8217;impulsi\u00f3 de simple deflexi\u00f3<\/h5>\n<p>Reixeta d&#8217;impulsi\u00f3 d&#8217;una fila d&#8217;aletes horitzontals m\u00f2bils fabricada amb perfils d&#8217;alumini extru\u00eft i anoditzat.<\/p>\n<p>M\u00f2bil o est\u00e0tica.<\/p>\n<p>Amb o sense regulaci\u00f3<\/p>\n<p>Adaptable a conducte circular.<\/p>\n<h6>Fixaci\u00f3<\/h6>\n<p>Molles &#8211; Cargols<\/p>\n<h6>Fixaci\u00f3 opcional<\/h6>\n<p>Pestells<\/p>\n<h6>Acabat Est\u00e0ndar<\/h6>\n<p>Alumini anoditzat<\/p>\n<h6>Acabat Opcional<\/h6>\n<p>Lacat Blanc<\/p>\n<h5>Reixeta d&#8217;aletes horitzontals i verticalsh5><\/p>\n<p>Reixeta d&#8217;impulsi\u00f3 amb una primera fila d&#8217;aletes horitzontals i una altra d&#8217;aletes verticals fabricada amb perfils d&#8217;alumini extru\u00eft i anoditzat.<\/p>\n<p>Amb o sense regulaci\u00f3.<\/p>\n<p>Adaptable a conducte circular.<\/p>\n<h6>Fixaci\u00f3<\/h6>\n<p>Molles &#8211; Cargols<\/p>\n<h6>Fixaci\u00f3 Opcional<\/h6>\n<p>Pestells<\/p>\n<h6>Acabat Est\u00e0ndar<\/h6>\n<p>Alumini anoditzat<\/p>\n<h6>Acabat Opcional<\/h6>\n<p>Lacat Blanc<\/p>\n<h5>Reixeta d&#8217;impulsi\u00f3 aletes corbes<\/h5>\n<p>Reixeta d&#8217;impulsi\u00f3 amb una fila d&#8217;aletes horitzontals m\u00f2bils orientables a una adre\u00e7a, fabricada amb perfils d&#8217;alumini extru\u00eft i anoditzat.<\/p>\n<p>Indicades per a la seva instal\u00b7laci\u00f3 en sostre.<\/p>\n<p>Amb o sense regulaci\u00f3.p><\/p>\n<h6>Fixaci\u00f3<\/h6>\n<p>Molles &#8211; Cargols<\/p>\n<h6>Fixaci\u00f3 opcional<\/h6>\n<p>Pestells<\/p>\n<h6>Acabat Est\u00e0ndar<\/h6>\n<p>Alumini anoditzat<\/p>\n<h6>Acabat Opcional<\/h6>\n<p>Lacat Blanc<\/p>\n<h5>Reixeta d&#8217;aletes horitzontals i verticals m\u00f2bils<\/h5>\n<p>Reixeta d&#8217;impulsi\u00f3 de doble &#8220;defexi\u00f3n&#8221;.<\/p>\n<p>Reixeta d&#8217;impulsi\u00f3 amb una primera fila d&#8217;aletes horitzontals i una altra d&#8217;aletes verticals mogudes mitjan\u00e7ant palanques. Fabricada amb perfils d&#8217;alumini extru\u00eft i anoditzat.<\/p>\n<p>Indicades per a la seva instal\u00b7laci\u00f3 en sostre.<\/p>\n<p>Amb o sense regulaci\u00f3.<\/p>\n<p>Adaptable a conducte circular.<\/p>\n<h6>Fixaci\u00f3<\/h6>\n<p>Molles &#8211; Cargols<\/p>\n<h6>Fixaci\u00f3 opcional<\/h6>\n<p>Pestells<\/p>\n<h6>Acabat Est\u00e0ndard<\/h6>\n<p>Alumini anoditzat<\/p>\n<h6>Acabat Opcional<\/h6>\n<p>Lacat Blanc<\/p>\n<h5>Reixetes de retorn<\/h5>\n<p>Reixetes d&#8217;aletes a 45\u00ba amb o sense regulaci\u00f3.<\/p>\n<h6>Models<\/h6>\n<p>Amb Portafito<br \/>Amb Filtre<br \/>Amb Malla &#8220;antiocells&#8221;<br \/>Reticulades<br \/>Abatibles<\/p>\n<h6>Fixaci\u00f3<\/h6>\n<p>Molles &#8211; Cargols<\/p>\n<h6>Fixaci\u00f3 opcional<\/h6>\n<p>Pestells<\/p>\n<h6>Acabat Est\u00e0ndard<\/h6>\n<p>Alumini anoditzat<\/p>\n<h6>Acabat Opcional<\/h6>\n<p>Lacat Blanc<\/p>\n<h5>Reixetes d&#8217;impulsi\u00f3 lineals<\/h5>\n<h6>Reixetes<\/h6>\n<p>0\u00ba \/ 20\u00ba<\/p>\n<h6>Models<\/h6>\n<p>Aletes deflectores<br \/>Impulsi\u00f3 Lineal<br \/>Acabaments extrems acoblables<br \/>Lineals corbs<br \/>De S\u00f2l<\/p>\n<h6>Marc<\/h6>\n<p>Pl\u00e0nol per guix laminat<br \/>Pl\u00e0nol \/ Estret<br \/>Pl\u00e0nol amb graella Desmuntable<\/p>\n<h6>Fixaci\u00f3<\/h6>\n<p>Molles &#8211; Cargols<\/p>\n<h6>Fixaci\u00f3 Opcional<\/h6>\n<p>Pestells<\/p>\n<h6>Acabat Est\u00e0ndard<\/h6>\n<p>Alumini anoditzat<\/p>\n<h6>Acabat Opcional<\/h6>\n<p>Lacat Blanc<\/p>\n<p>[\/et_pb_tab][et_pb_tab title=&#8221;BOQUES D\u2019IMPULSI\u00d3 I EXTRACCI\u00d3 &#8221; _builder_version=&#8221;4.9.2&#8243; _module_preset=&#8221;default&#8221;]<\/p>\n<h6>Models<\/h6>\n<p>Pl\u00e0stic (PVC o ABS)<br \/>\nMet\u00e0l\u00b7liques (Inox o lacat en blanc)<\/p>\n<h6>Di\u00e0metres disponibles (mm)<\/h6>\n<p>de 80 mm a 250 mm [\/et_pb_tab][\/et_pb_tabs][\/et_pb_column][\/et_pb_row][\/et_pb_section]<\/p>\n","protected":false},"excerpt":{"rendered":"<p>Difusors i reixetesCompuertas Compuertas de caudal constante Compuertas de regulaci\u00f3n, sobrepresi\u00f3n y tomas de aire exterior Difusores Rejillas, marcos y bocas de impulsi\u00f3n Toberas de largo alcance Plenums de difusi\u00f3n y accesorios Reixetes, marcs i boques d\u2019Impulsi\u00f3Som distribu\u00efdors directes de les millors marques a difusors com Euroclima \/ Trox \/ Madel \/ AVC \/ SCHAKO [&hellip;]<\/p>\n","protected":false},"author":1,"featured_media":0,"parent":1216,"menu_order":0,"comment_status":"closed","ping_status":"closed","template":"","meta":{"_et_pb_use_builder":"on","_et_pb_old_content":"","_et_gb_content_width":"","footnotes":""},"_links":{"self":[{"href":"https:\/\/vegra400.com\/ca\/wp-json\/wp\/v2\/pages\/1234"}],"collection":[{"href":"https:\/\/vegra400.com\/ca\/wp-json\/wp\/v2\/pages"}],"about":[{"href":"https:\/\/vegra400.com\/ca\/wp-json\/wp\/v2\/types\/page"}],"author":[{"embeddable":true,"href":"https:\/\/vegra400.com\/ca\/wp-json\/wp\/v2\/users\/1"}],"replies":[{"embeddable":true,"href":"https:\/\/vegra400.com\/ca\/wp-json\/wp\/v2\/comments?post=1234"}],"version-history":[{"count":2,"href":"https:\/\/vegra400.com\/ca\/wp-json\/wp\/v2\/pages\/1234\/revisions"}],"predecessor-version":[{"id":1236,"href":"https:\/\/vegra400.com\/ca\/wp-json\/wp\/v2\/pages\/1234\/revisions\/1236"}],"up":[{"embeddable":true,"href":"https:\/\/vegra400.com\/ca\/wp-json\/wp\/v2\/pages\/1216"}],"wp:attachment":[{"href":"https:\/\/vegra400.com\/ca\/wp-json\/wp\/v2\/media?parent=1234"}],"curies":[{"name":"wp","href":"https:\/\/api.w.org\/{rel}","templated":true}]}}