{"id":1225,"date":"2021-03-15T14:59:02","date_gmt":"2021-03-15T14:59:02","guid":{"rendered":"https:\/\/vegra400.com\/productes\/difusors-i-reixetes\/comportes-de-regulacio-sobrepressio-i-preses-daire-exteriors\/"},"modified":"2021-06-16T11:19:41","modified_gmt":"2021-06-16T11:19:41","slug":"comportes-de-regulacio-sobrepressio-i-preses-daire-exteriors","status":"publish","type":"page","link":"https:\/\/vegra400.com\/ca\/productes\/difusors-i-reixetes\/comportes-de-regulacio-sobrepressio-i-preses-daire-exteriors\/","title":{"rendered":"Comportes de regulaci\u00f3, sobrepressi\u00f3 i preses d\u2019aire exteriors"},"content":{"rendered":"<p>[et_pb_section fb_built=&#8221;1&#8243; module_class=&#8221;snake_case_imageninicial&#8221; _builder_version=&#8221;4.6.1&#8243; _module_preset=&#8221;default&#8221; background_color=&#8221;#2b2b2b&#8221; background_image=&#8221;http:\/\/vegra400.com\/wp-content\/uploads\/2020\/09\/fondoblog.jpg&#8221; locked=&#8221;off&#8221;][et_pb_row _builder_version=&#8221;4.6.1&#8243; _module_preset=&#8221;default&#8221;][et_pb_column type=&#8221;4_4&#8243; _builder_version=&#8221;4.6.1&#8243; _module_preset=&#8221;default&#8221;][et_pb_text _builder_version=&#8221;4.9.2&#8243; _module_preset=&#8221;default&#8221; text_text_color=&#8221;#ffffff&#8221; text_font_size=&#8221;68px&#8221; text_line_height=&#8221;1.1em&#8221; text_orientation=&#8221;center&#8221; animation_direction=&#8221;right&#8221; text_font_size_tablet=&#8221;45px&#8221; text_font_size_phone=&#8221;&#8221; text_font_size_last_edited=&#8221;on|phone&#8221; locked=&#8221;off&#8221;]<\/p>\n<p>Difusors i reixetes<\/p>\n<p>[\/et_pb_text][\/et_pb_column][\/et_pb_row][\/et_pb_section][et_pb_section fb_built=&#8221;1&#8243; _builder_version=&#8221;4.6.1&#8243; _module_preset=&#8221;default&#8221;][et_pb_row column_structure=&#8221;1_3,2_3&#8243; _builder_version=&#8221;4.6.1&#8243; _module_preset=&#8221;default&#8221;][et_pb_column type=&#8221;1_3&#8243; _builder_version=&#8221;4.6.1&#8243; _module_preset=&#8221;default&#8221;][et_pb_toggle title=&#8221;DIFUSORS I REIXETES&#8221; open=&#8221;on&#8221; open_toggle_background_color=&#8221;rgba(0,0,0,0)&#8221; closed_toggle_text_color=&#8221;#ffffff&#8221; closed_toggle_background_color=&#8221;rgba(0,0,0,0)&#8221; icon_color=&#8221;#211915&#8243; module_class=&#8221;snake_case_menudesplegableficha&#8221; _builder_version=&#8221;4.9.2&#8243; _module_preset=&#8221;default&#8221; title_level=&#8221;h3&#8243; body_font=&#8221;|600|||||||&#8221; body_line_height=&#8221;2em&#8221; border_radii=&#8221;on|20px|20px|20px|20px&#8221; border_width_all=&#8221;0px&#8221; global_module=&#8221;727&#8243; saved_tabs=&#8221;all&#8221;]<\/p>\n<div class=\"snake_case_enlaceaficha\" id=\"linkconstructores3\"><a href=\"\/productos\/difusores-y-rejillas\/compuertas\/\" class=\"product-link\">Compuertas<\/a><\/div>\n<div class=\"snake_case_enlaceaficha\" id=\"linkconstructores3\"><a href=\"\/productos\/difusores-y-rejillas\/compuertas-de-caudal-constante\" class=\"product-link\">Compuertas de caudal constante<\/a><\/div>\n<div class=\"snake_case_enlaceaficha\" id=\"linkconstructores3\"><a href=\"\/productos\/difusores-y-rejillas\/compuertas-de-regulacion-sobrepresion-y-tomas-de-aire-exterior\/\" class=\"product-link\">Compuertas de regulaci\u00f3n, sobrepresi\u00f3n y tomas de aire exterior<\/a><\/div>\n<div class=\"snake_case_enlaceaficha\" id=\"linkconstructores3\"><a href=\"\/productos\/difusores-y-rejillas\/difusores\/\" class=\"product-link\">Difusores<\/a><\/div>\n<div class=\"snake_case_enlaceaficha\" id=\"linkconstructores3\"><a href=\"\/productos\/difusores-y-rejillas\/rejillas-marcos-y-bocas-de-impulsion\/\" class=\"product-link\">Rejillas, marcos y bocas de impulsi\u00f3n<\/a><\/div>\n<div class=\"snake_case_enlaceaficha\" id=\"linkconstructores3\"><a href=\"\/productos\/difusores-y-rejillas\/toberas-de-largo-alcance\/\" class=\"product-link\">Toberas de largo alcance<\/a><\/div>\n<div class=\"snake_case_enlaceaficha\" id=\"linkconstructores3\"><a href=\"\/productos\/difusores-y-rejillas\/plenums-de-difusio-y-accesorios\/\" class=\"product-link\">Plenums de difusi\u00f3n y accesorios<\/a><\/div>\n<p>[\/et_pb_toggle][\/et_pb_column][et_pb_column type=&#8221;2_3&#8243; _builder_version=&#8221;4.6.1&#8243; _module_preset=&#8221;default&#8221;][et_pb_text _builder_version=&#8221;4.9.2&#8243; _module_preset=&#8221;default&#8221; text_line_height=&#8221;0.9em&#8221; custom_margin=&#8221;||40px||false|false&#8221; custom_padding=&#8221;0px||0px|40px|false|false&#8221; locked=&#8221;off&#8221;]<\/p>\n<p>Comportes de regulaci\u00f3, sobrepressi\u00f3 i preses d\u2019aire exteriors<\/p>\n<p>[\/et_pb_text][et_pb_gallery gallery_ids=&#8221;423,422,420,421,418,419,417&#8243; posts_number=&#8221;8&#8243; show_title_and_caption=&#8221;off&#8221; show_pagination=&#8221;off&#8221; zoom_icon_color=&#8221;rgba(0,0,0,0)&#8221; hover_overlay_color=&#8221;rgba(0,0,0,0)&#8221; module_class=&#8221;snake_case_galeriaiconos&#8221; _builder_version=&#8221;4.6.1&#8243; _module_preset=&#8221;default&#8221; border_radii_image=&#8221;on|10px|10px|10px|10px&#8221; box_shadow_style_image=&#8221;preset1&#8243;][\/et_pb_gallery][et_pb_tabs active_tab_background_color=&#8221;#ffffff&#8221; inactive_tab_background_color=&#8221;#7eaacb&#8221; active_tab_text_color=&#8221;#211915&#8243; module_class=&#8221;snake_case_tabsficha&#8221; _builder_version=&#8221;4.9.2&#8243; _module_preset=&#8221;default&#8221; tab_text_color=&#8221;#ffffff&#8221; tab_font_size=&#8221;16px&#8221; tab_line_height=&#8221;2.3em&#8221; background_enable_color=&#8221;off&#8221; module_alignment=&#8221;center&#8221; border_radii=&#8221;on|20px|20px|20px|20px&#8221; border_width_all=&#8221;0px&#8221; box_shadow_style=&#8221;preset1&#8243;][et_pb_tab title=&#8221;COMPORTES&#8221; _builder_version=&#8221;4.9.2&#8243; _module_preset=&#8221;default&#8221;]<\/p>\n<h5>Comporta Circular de Xapa de Accionament Manual<\/h5>\n<p>Comporta circular de xapa d&#8217;accionament manual DAM.<\/p>\n<h6>Di\u00e0metres disponibles (mm)<\/h6>\n<p>de 100 mm a 250 mm<\/p>\n<h6>Acabat exterior<\/h6>\n<p>Xapa Galvanitzada.<\/p>\n<h5>Comporta de regulaci\u00f3 de cabal d&#8217;alumini<\/h5>\n<p>Comporta de regulaci\u00f3 de cabal d&#8217;alumini d&#8217;una sola lama, 150 mm, ideada per intercalar en conductes rectangulars muntats en falsos sostres de poca al\u00e7ada.<\/p>\n<h6>Mesures<\/h6>\n<p>Alt fixe de 187 mm<br \/>Ample m\u00e0xim aconsellable 800 mm<\/p>\n<h6>Manual o Motoritzada.<\/h6>\n<h5>Comporta de regulaci\u00f3 amb bastidor de xapa galvanitzada i lames d&#8217;alumini<\/h5>\n<p>Comporta de regulaci\u00f3 amb bastidor de xapa galvanitzada i lames oposades<br \/>Perduda de pressi\u00f3 i nivell sonor m\u00ednim.<\/p>\n<h5>Comporta de regulaci\u00f3 d&#8217;alumini<\/h5>\n<p>Comporta de regulaci\u00f3 amb bastidor i lames oposades d&#8217;alumini extru\u00eft.<br \/>Estanquitat entre lames mitjan\u00e7ant perfils de cautx\u00fa.<br \/>Transmissi\u00f3 per doble joc de rodes dentades inserides en els perfils laterals.<br \/>P\u00e8rdua de pressi\u00f3 i nivell sonor m\u00ednim.<\/p>\n<h5>Comporta de sobrepressi\u00f3 amb bastidor en \u201cL\u201d<\/h5>\n<p>Comporta de sobrepressi\u00f3, en alumini, d&#8217;aletes m\u00f2bils a el pas de l&#8217;aire, amb bastidor en forma de \u201cL\u201d.<\/p>\n<h6>Velocitat efectiva m\u00e0xima<\/h6>\n<p>6 m\/seg<\/p>\n<h5>Comporta de sobrepressi\u00f3 amb bastidor en \u201cL\u201d i aletes unides.<\/h5>\n<p>Comporta de sobrepressi\u00f3, en alumini, d&#8217;aletes m\u00f2bils a el pas de l&#8217;aire, amb bastidor en forma de \u201cL\u201d.<br \/>Les aletes estan unides entre si fent que tinguin un moviment menys violent.<br \/>Dissenyat per a instal\u00b7lacions amb molta turbul\u00e8ncia.<\/p>\n<h5>Comporta de sobrepressi\u00f3 amb bastidor en \u201cU\u201d<\/h5>\n<p>Comporta de sobrepressi\u00f3, en alumini, d&#8217;aletes m\u00f2bils a el pas de l&#8217;aire, amb bastidor en forma de \u201cU\u201d.<\/p>\n<h6>Velocitat efectiva m\u00e0xima<\/h6>\n<p>6 m\/seg<\/p>\n<h5>Comporta de sobrepressi\u00f3 de paret<\/h5>\n<p>Comporta de sobrepressi\u00f3, en alumini, d&#8217;aletes m\u00f2bils a el pas de l&#8217;aire.<\/p>\n<p>[\/et_pb_tab][et_pb_tab title=&#8221;PRESES D\u2019AIRE&#8221; _builder_version=&#8221;4.9.2&#8243; _module_preset=&#8221;default&#8221;]<\/p>\n<h6>Presa d&#8217;aire exterior<\/h6>\n<p>Presa d&#8217;aire exterior d&#8217;aletes fixes 45\u00ba amb malla met\u00e0l\u00b7lica antiocells, constru\u00efda amb perfils d&#8217;alumini extru\u00eft.<\/p>\n<h6>Presa d&#8217;aire exterior circular<\/h6>\n<p>Presa d&#8217;aire exterior circular de aletasfijas a 45\u00ba constru\u00efdes amb perfils d&#8217;alumini lacat.<br \/>Possibilitat d&#8217;acoblar malla antiinsectes o antiocells.<\/p>\n<p>[\/et_pb_tab][et_pb_tab title=&#8221;REIXETES&#8221; _builder_version=&#8221;4.9.2&#8243; _module_preset=&#8221;default&#8221;]<\/p>\n<h5>Reixeta d&#8217;impulsi\u00f3 de simple deflexi\u00f3<\/h5>\n<p>Reixeta d&#8217;impulsi\u00f3 d&#8217;una fila d&#8217;aletes horitzontals m\u00f2bils fabricada amb perfils d&#8217;alumini extru\u00eft i anoditzat.<\/p>\n<p>M\u00f2bil o est\u00e0tica.<\/p>\n<p>Amb o sense regulaci\u00f3.<\/p>\n<p>Adaptable a conducte circular.<\/p>\n<h6>Fixaci\u00f3<\/h6>\n<p>Molles &#8211; Cargols<\/p>\n<h6>Fixaci\u00f3 Opcional<\/h6>\n<p>Pestells<\/p>\n<h6>Acabat Est\u00e0ndard<\/h6>\n<p>Alumini anoditzat<\/p>\n<h6>Acabat opcional<\/h6>\n<p>Lacat Blanc <\/p>\n<h5>Reixeta d&#8217;aletes horitzontals i verticals<\/h5>\n<p>Reixeta d&#8217;impulsi\u00f3 amb una primera fila d&#8217;aletes horitzontals i una altra d&#8217;aletes verticals fabricada amb perfils d&#8217;alumini extru\u00eft i anoditzat.<\/p>\n<p>Amb o sense regulaci\u00f3.<\/p>\n<p>Adaptable a conducte circular.<\/p>\n<h6>Fixaci\u00f3<\/h6>\n<p>Molles &#8211; Cargols <\/p>\n<h6>Fixaci\u00f3 Opcional<\/h6>\n<p>Pestells<\/p>\n<h6>Acabat Est\u00e0ndard<\/h6>\n<p>Alumini anoditzat <\/p>\n<h6>Acabat opcional<\/h6>\n<p>Lacat Blanc<\/p>\n<h5>Reixeta d&#8217;impulsi\u00f3 aletes corbes<\/h5>\n<p>Reixeta d&#8217;impulsi\u00f3 amb una fila d&#8217;aletes horitzontals m\u00f2bils orientables a una adre\u00e7a, fabricada amb perfils d&#8217;alumini extru\u00eft i anoditzat.<\/p>\n<p>Indicades per a la seva instal\u00b7laci\u00f3 en sostre.<\/p>\n<p>Amb o sense regulaci\u00f3.<\/p>\n<h6>Fixaci\u00f3<\/h6>\n<p>Molles &#8211; Cargols<\/p>\n<h6>Fixaci\u00f3 opcional<\/h6>\n<p>Pestells<\/p>\n<h6>Acabat Est\u00e0ndard<\/h6>\n<p>Alumini anoditzat<\/p>\n<h6>Acabat Opcional<\/h6>\n<p>Lacat Blanc<\/p>\n<h5>Reixeta d&#8217;aletes horitzontals i verticals m\u00f2bils<\/h5>\n<p>Reixeta d&#8217;impulsi\u00f3 de doble &#8220;defexi\u00f3n&#8221; <\/p>\n<p>Reixeta d&#8217;impulsi\u00f3 amb una primera fila d&#8217;aletes horitzontals i una altra d&#8217;aletes verticals mogudes mitjan\u00e7ant palanques. Fabricada amb perfils d&#8217;alumini extru\u00eft i anoditzat. <\/p>\n<p>Indicades per a la seva instal\u00b7laci\u00f3 en sostre. <\/p>\n<p>Amb o sense regulaci\u00f3.<\/p>\n<p>Adaptable a conducte circular.<\/p>\n<h6>Fixaci\u00f3<\/h6>\n<p>Molles &#8211; Cargols<\/p>\n<h6>Fixaci\u00f3 Opcional<\/h6>\n<p>Pestells<\/p>\n<h6>Acabat Est\u00e0ndar<\/h6>\n<p>Alumini anoditzat <\/p>\n<h6>Acabat Opcional<\/h6>\n<p>Lacat Blanc<\/p>\n<h5>Reixetes de retorn<\/h5>\n<p>Reixetes d&#8217;aletes a 45\u00ba amb o sense regulaci\u00f3.<\/p>\n<h6>Models<\/h6>\n<p>Amb &#8220;Portafito&#8221;<br \/>\nAmb Filtre<br \/>\nAmb Malla &#8220;antiocells&#8221;<br \/>\nReticulades<br \/>\nAbatibles<\/p>\n<h6>Fixaci\u00f3<\/h6>\n<p>Molles &#8211; Cargols<\/p>\n<h6>Fixaci\u00f3 Opcional<\/h6>\n<p>Pestells<\/p>\n<h6>Acabat Est\u00e0ndar<\/h6>\n<p>Alumini anoditzat<\/p>\n<h6>Acabat Opcional<\/h6>\n<p>Lacat Blanc<\/p>\n<h5>Reixetes d&#8217;impulsi\u00f3 lineals<\/h5>\n<h6>Reixetes<\/h6>\n<p>0\u00ba \/ 20\u00ba <\/p>\n<h6>Models<\/h6>\n<p>Aletes deflectores<br \/>\nImpulsi\u00f3 Lineal<br \/>\nAcabaments extrems acoblables<br \/>\nLineals corbs<br \/>\nDe S\u00f2l <\/p>\n<h6>Marc<\/h6>\n<p>Pl\u00e0nol per guix laminat<br \/>\nPl\u00e0nol \/ Estret<br \/>\nPl\u00e0nol amb graella Desmuntable <\/p>\n<h6>Fixaci\u00f3<\/h6>\n<p>Molles &#8211; Cargols<\/p>\n<h6>Fixaci\u00f3 opcional<\/h6>\n<p>Pestells<\/p>\n<h6>Acabat Est\u00e0ndard<\/h6>\n<p>Alumini anoditzat <\/p>\n<h6>Acabat opcional<\/h6>\n<p>Lacat Blanc[\/et_pb_tab][\/et_pb_tabs][\/et_pb_column][\/et_pb_row][\/et_pb_section]<\/p>\n","protected":false},"excerpt":{"rendered":"<p>Difusors i reixetesCompuertas Compuertas de caudal constante Compuertas de regulaci\u00f3n, sobrepresi\u00f3n y tomas de aire exterior Difusores Rejillas, marcos y bocas de impulsi\u00f3n Toberas de largo alcance Plenums de difusi\u00f3n y accesorios Comportes de regulaci\u00f3, sobrepressi\u00f3 i preses d\u2019aire exteriorsComporta Circular de Xapa de Accionament Manual Comporta circular de xapa d&#8217;accionament manual DAM. Di\u00e0metres disponibles [&hellip;]<\/p>\n","protected":false},"author":1,"featured_media":0,"parent":1216,"menu_order":0,"comment_status":"closed","ping_status":"closed","template":"","meta":{"_et_pb_use_builder":"on","_et_pb_old_content":"","_et_gb_content_width":"","footnotes":""},"_links":{"self":[{"href":"https:\/\/vegra400.com\/ca\/wp-json\/wp\/v2\/pages\/1225"}],"collection":[{"href":"https:\/\/vegra400.com\/ca\/wp-json\/wp\/v2\/pages"}],"about":[{"href":"https:\/\/vegra400.com\/ca\/wp-json\/wp\/v2\/types\/page"}],"author":[{"embeddable":true,"href":"https:\/\/vegra400.com\/ca\/wp-json\/wp\/v2\/users\/1"}],"replies":[{"embeddable":true,"href":"https:\/\/vegra400.com\/ca\/wp-json\/wp\/v2\/comments?post=1225"}],"version-history":[{"count":2,"href":"https:\/\/vegra400.com\/ca\/wp-json\/wp\/v2\/pages\/1225\/revisions"}],"predecessor-version":[{"id":1227,"href":"https:\/\/vegra400.com\/ca\/wp-json\/wp\/v2\/pages\/1225\/revisions\/1227"}],"up":[{"embeddable":true,"href":"https:\/\/vegra400.com\/ca\/wp-json\/wp\/v2\/pages\/1216"}],"wp:attachment":[{"href":"https:\/\/vegra400.com\/ca\/wp-json\/wp\/v2\/media?parent=1225"}],"curies":[{"name":"wp","href":"https:\/\/api.w.org\/{rel}","templated":true}]}}