{"id":1216,"date":"2020-09-09T15:18:29","date_gmt":"2020-09-09T15:18:29","guid":{"rendered":"https:\/\/vegra400.com\/productes\/difusors-i-reixetes\/"},"modified":"2021-06-16T10:23:57","modified_gmt":"2021-06-16T10:23:57","slug":"difusors-i-reixetes","status":"publish","type":"page","link":"https:\/\/vegra400.com\/ca\/productes\/difusors-i-reixetes\/","title":{"rendered":"Difusors i reixetes"},"content":{"rendered":"<p>[et_pb_section fb_built=&#8221;1&#8243; module_class=&#8221;snake_case_imageninicial&#8221; _builder_version=&#8221;4.6.1&#8243; _module_preset=&#8221;default&#8221; background_color=&#8221;#2b2b2b&#8221; background_image=&#8221;http:\/\/vegra400.com\/wp-content\/uploads\/2020\/09\/fondoblog.jpg&#8221; locked=&#8221;off&#8221;][et_pb_row _builder_version=&#8221;4.6.1&#8243; _module_preset=&#8221;default&#8221;][et_pb_column type=&#8221;4_4&#8243; _builder_version=&#8221;4.6.1&#8243; _module_preset=&#8221;default&#8221;][et_pb_text _builder_version=&#8221;4.9.2&#8243; _module_preset=&#8221;default&#8221; text_font=&#8221;Rubik|700|||||||&#8221; text_text_color=&#8221;#ffffff&#8221; text_font_size=&#8221;68px&#8221; text_line_height=&#8221;1.1em&#8221; text_orientation=&#8221;center&#8221; animation_direction=&#8221;right&#8221; text_font_size_tablet=&#8221;45px&#8221; text_font_size_phone=&#8221;&#8221; text_font_size_last_edited=&#8221;on|phone&#8221; locked=&#8221;off&#8221;]<\/p>\n<p>Difusors i reixetes<\/p>\n<p>[\/et_pb_text][\/et_pb_column][\/et_pb_row][\/et_pb_section][et_pb_section fb_built=&#8221;1&#8243; _builder_version=&#8221;4.6.1&#8243; _module_preset=&#8221;default&#8221;][et_pb_row column_structure=&#8221;1_3,2_3&#8243; _builder_version=&#8221;4.6.1&#8243; _module_preset=&#8221;default&#8221;][et_pb_column type=&#8221;1_3&#8243; _builder_version=&#8221;4.6.1&#8243; _module_preset=&#8221;default&#8221;][et_pb_toggle title=&#8221;DIFUSORS I REIXETES&#8221; open=&#8221;on&#8221; open_toggle_background_color=&#8221;rgba(0,0,0,0)&#8221; closed_toggle_text_color=&#8221;#ffffff&#8221; closed_toggle_background_color=&#8221;rgba(0,0,0,0)&#8221; icon_color=&#8221;#211915&#8243; module_class=&#8221;snake_case_menudesplegableficha&#8221; _builder_version=&#8221;4.9.2&#8243; _module_preset=&#8221;default&#8221; title_level=&#8221;h3&#8243; body_font=&#8221;|600|||||||&#8221; body_line_height=&#8221;2em&#8221; hover_enabled=&#8221;0&#8243; border_radii=&#8221;on|20px|20px|20px|20px&#8221; border_width_all=&#8221;0px&#8221; global_module=&#8221;727&#8243; saved_tabs=&#8221;all&#8221; sticky_enabled=&#8221;0&#8243;]<\/p>\n<div class=\"snake_case_enlaceaficha\" id=\"linkconstructores3\"><a href=\"\/productos\/difusores-y-rejillas\/compuertas\/\" class=\"product-link\">Compuertas<\/a><\/div>\n<div class=\"snake_case_enlaceaficha\" id=\"linkconstructores3\"><a href=\"\/productos\/difusores-y-rejillas\/compuertas-de-caudal-constante\" class=\"product-link\">Compuertas de caudal constante<\/a><\/div>\n<div class=\"snake_case_enlaceaficha\" id=\"linkconstructores3\"><a href=\"\/productos\/difusores-y-rejillas\/compuertas-de-regulacion-sobrepresion-y-tomas-de-aire-exterior\/\" class=\"product-link\">Compuertas de regulaci\u00f3n, Sobrepresi\u00f3n y tomas de aire exterior<\/a><\/div>\n<div class=\"snake_case_enlaceaficha\" id=\"linkconstructores3\"><a href=\"\/productos\/difusores-y-rejillas\/difusores\/\" class=\"product-link\">Difusores<\/a><\/div>\n<div class=\"snake_case_enlaceaficha\" id=\"linkconstructores3\"><a href=\"\/productos\/difusores-y-rejillas\/rejillas-marcos-y-bocas-de-impulsion\/\" class=\"product-link\">Rejillas, marcos y bocas de Impulsi\u00f3n<\/a><\/div>\n<div class=\"snake_case_enlaceaficha\" id=\"linkconstructores3\"><a href=\"\/productos\/difusores-y-rejillas\/toberas-de-largo-alcance\/\" class=\"product-link\">Toberas de largo alcance<\/a><\/div>\n<div class=\"snake_case_enlaceaficha\" id=\"linkconstructores3\"><a href=\"\/productos\/difusores-y-rejillas\/plenums-de-difusio-y-accesorios\/\" class=\"product-link\">Plenums de difusi\u00f3 y accesorios<\/a><\/div>\n<p>[\/et_pb_toggle][\/et_pb_column][et_pb_column type=&#8221;2_3&#8243; _builder_version=&#8221;4.6.1&#8243; _module_preset=&#8221;default&#8221;][et_pb_text _builder_version=&#8221;4.9.2&#8243; _module_preset=&#8221;default&#8221; text_font=&#8221;Rubik|700|||||||&#8221; text_font_size=&#8221;45px&#8221; text_line_height=&#8221;0.8em&#8221; custom_margin=&#8221;||40px||false|false&#8221; custom_padding=&#8221;0px||0px|40px|false|false&#8221; border_radii=&#8221;on|0px|0px|0px|0px&#8221; border_width_all=&#8221;3px&#8221; border_width_top=&#8221;0px&#8221; border_width_right=&#8221;0px&#8221; border_width_bottom=&#8221;0px&#8221; border_color_bottom=&#8221;#ffffff&#8221; border_width_left=&#8221;4px&#8221; border_color_left=&#8221;#7eaacb&#8221; border_width_bottom_tablet=&#8221;&#8221; border_width_bottom_phone=&#8221;&#8221; border_width_bottom_last_edited=&#8221;on|desktop&#8221; locked=&#8221;off&#8221;]Comportes[\/et_pb_text][et_pb_gallery gallery_ids=&#8221;423,422,420,421,418,419,417&#8243; posts_number=&#8221;8&#8243; show_title_and_caption=&#8221;off&#8221; show_pagination=&#8221;off&#8221; zoom_icon_color=&#8221;rgba(0,0,0,0)&#8221; hover_overlay_color=&#8221;rgba(0,0,0,0)&#8221; module_class=&#8221;snake_case_galeriaiconos&#8221; _builder_version=&#8221;4.6.1&#8243; _module_preset=&#8221;default&#8221; border_radii_image=&#8221;on|10px|10px|10px|10px&#8221; box_shadow_style_image=&#8221;preset1&#8243;][\/et_pb_gallery][et_pb_tabs active_tab_background_color=&#8221;#ffffff&#8221; inactive_tab_background_color=&#8221;#7eaacb&#8221; active_tab_text_color=&#8221;#211915&#8243; module_class=&#8221;snake_case_tabsficha&#8221; _builder_version=&#8221;4.9.2&#8243; _module_preset=&#8221;default&#8221; tab_text_color=&#8221;#ffffff&#8221; tab_font_size=&#8221;16px&#8221; tab_line_height=&#8221;2.3em&#8221; background_enable_color=&#8221;off&#8221; module_alignment=&#8221;center&#8221; border_radii=&#8221;on|20px|20px|20px|20px&#8221; border_width_all=&#8221;0px&#8221; box_shadow_style=&#8221;preset1&#8243;][et_pb_tab title=&#8221;INFORMACI\u00d3 T\u00c8CNICA&#8221; _builder_version=&#8221;4.9.2&#8243; _module_preset=&#8221;default&#8221;]Comportes de regulaci\u00f3 manual emprades per al equilibrat d&#8217;instal\u00b7lacions de climatitzaci\u00f3. Tamb\u00e9 s\u00f3n utilitzades en instal\u00b7lacions de ventilaci\u00f3 per al tancament de conductes.<\/p>\n<h6>Fabricades en xapa d&#8217;acer galvanitzada.<\/h6>\n<h6>Regulaci\u00f3 manual o motoritzades<\/h6>\n<h6>Estanques o Simples<\/h6>\n<h6>Rectangulars o circulars<\/h6>\n<p>[\/et_pb_tab][\/et_pb_tabs][\/et_pb_column][\/et_pb_row][\/et_pb_section]<\/p>\n","protected":false},"excerpt":{"rendered":"<p>Difusors i reixetesCompuertas Compuertas de caudal constante Compuertas de regulaci\u00f3n, Sobrepresi\u00f3n y tomas de aire exterior Difusores Rejillas, marcos y bocas de Impulsi\u00f3n Toberas de largo alcance Plenums de difusi\u00f3 y accesorios ComportesComportes de regulaci\u00f3 manual emprades per al equilibrat d&#8217;instal\u00b7lacions de climatitzaci\u00f3. Tamb\u00e9 s\u00f3n utilitzades en instal\u00b7lacions de ventilaci\u00f3 per al tancament de conductes. [&hellip;]<\/p>\n","protected":false},"author":1,"featured_media":0,"parent":1151,"menu_order":0,"comment_status":"closed","ping_status":"closed","template":"","meta":{"_et_pb_use_builder":"on","_et_pb_old_content":"","_et_gb_content_width":"","footnotes":""},"_links":{"self":[{"href":"https:\/\/vegra400.com\/ca\/wp-json\/wp\/v2\/pages\/1216"}],"collection":[{"href":"https:\/\/vegra400.com\/ca\/wp-json\/wp\/v2\/pages"}],"about":[{"href":"https:\/\/vegra400.com\/ca\/wp-json\/wp\/v2\/types\/page"}],"author":[{"embeddable":true,"href":"https:\/\/vegra400.com\/ca\/wp-json\/wp\/v2\/users\/1"}],"replies":[{"embeddable":true,"href":"https:\/\/vegra400.com\/ca\/wp-json\/wp\/v2\/comments?post=1216"}],"version-history":[{"count":2,"href":"https:\/\/vegra400.com\/ca\/wp-json\/wp\/v2\/pages\/1216\/revisions"}],"predecessor-version":[{"id":1218,"href":"https:\/\/vegra400.com\/ca\/wp-json\/wp\/v2\/pages\/1216\/revisions\/1218"}],"up":[{"embeddable":true,"href":"https:\/\/vegra400.com\/ca\/wp-json\/wp\/v2\/pages\/1151"}],"wp:attachment":[{"href":"https:\/\/vegra400.com\/ca\/wp-json\/wp\/v2\/media?parent=1216"}],"curies":[{"name":"wp","href":"https:\/\/api.w.org\/{rel}","templated":true}]}}