{"id":1169,"date":"2021-03-15T11:53:03","date_gmt":"2021-03-15T11:53:03","guid":{"rendered":"https:\/\/vegra400.com\/productes\/xemeneies-modulars-ei\/xemeneies-industrials-certificacio-foc\/"},"modified":"2021-06-16T09:09:33","modified_gmt":"2021-06-16T09:09:33","slug":"xemeneies-industrials-certificacio-foc","status":"publish","type":"page","link":"https:\/\/vegra400.com\/ca\/productes\/xemeneies-modulars-ei\/xemeneies-industrials-certificacio-foc\/","title":{"rendered":"Xemeneies industrials certificaci\u00f3 foc"},"content":{"rendered":"<p>[et_pb_section fb_built=&#8221;1&#8243; module_class=&#8221;snake_case_imageninicial&#8221; _builder_version=&#8221;4.6.1&#8243; _module_preset=&#8221;default&#8221; background_color=&#8221;#2b2b2b&#8221; background_image=&#8221;http:\/\/vegra400.com\/wp-content\/uploads\/2020\/09\/fondoblog.jpg&#8221; locked=&#8221;off&#8221;][et_pb_row _builder_version=&#8221;4.6.1&#8243; _module_preset=&#8221;default&#8221;][et_pb_column type=&#8221;4_4&#8243; _builder_version=&#8221;4.6.1&#8243; _module_preset=&#8221;default&#8221;][et_pb_text _builder_version=&#8221;4.9.2&#8243; _module_preset=&#8221;default&#8221; text_text_color=&#8221;#ffffff&#8221; text_font_size=&#8221;68px&#8221; text_line_height=&#8221;1.1em&#8221; text_orientation=&#8221;center&#8221; animation_direction=&#8221;right&#8221; text_font_size_tablet=&#8221;45px&#8221; text_font_size_phone=&#8221;&#8221; text_font_size_last_edited=&#8221;on|phone&#8221; locked=&#8221;off&#8221;]<\/p>\n<p>XEMENEIES MODULARS EI<\/p>\n<p>[\/et_pb_text][\/et_pb_column][\/et_pb_row][\/et_pb_section][et_pb_section fb_built=&#8221;1&#8243; _builder_version=&#8221;4.6.1&#8243; _module_preset=&#8221;default&#8221;][et_pb_row column_structure=&#8221;1_3,2_3&#8243; _builder_version=&#8221;4.6.1&#8243; _module_preset=&#8221;default&#8221;][et_pb_column type=&#8221;1_3&#8243; _builder_version=&#8221;4.6.1&#8243; _module_preset=&#8221;default&#8221;][et_pb_toggle title=&#8221;XEMENEIES MODULARS EI&#8221; open=&#8221;on&#8221; open_toggle_background_color=&#8221;rgba(0,0,0,0)&#8221; closed_toggle_text_color=&#8221;#ffffff&#8221; closed_toggle_background_color=&#8221;rgba(0,0,0,0)&#8221; icon_color=&#8221;#211915&#8243; module_class=&#8221;snake_case_menudesplegableficha&#8221; _builder_version=&#8221;4.9.2&#8243; _module_preset=&#8221;default&#8221; title_level=&#8221;h3&#8243; body_font=&#8221;|600|||||||&#8221; body_line_height=&#8221;2em&#8221; border_radii=&#8221;on|20px|20px|20px|20px&#8221; border_width_all=&#8221;0px&#8221; global_module=&#8221;682&#8243; saved_tabs=&#8221;all&#8221;]<\/p>\n<div class=\"snake_case_enlaceaficha\" id=\"linkconstructores1\"><a href=\"\/productos\/chimeneas-modulares-ei\/chimeneas-industriales-certificacion-fuego\" class=\"product-link\">Chimeneas industriales (certificaci\u00f3n fuego)<\/a><\/div>\n<div class=\"snake_case_enlaceaficha\" id=\"linkconstructores2\"><a href=\"\/productos\/chimeneas-modulares-ei\/colectivas\/\" class=\"product-link\">Colectivas<\/a><\/div>\n<div class=\"snake_case_enlaceaficha\" id=\"linkconstructores3\"><a href=\"\/productos\/chimeneas-modulares-ei\/sistemas-de-extraccion-para-campanas\/\" class=\"product-link\">Sistemas de extracci\u00f3n para campanas<\/a><\/div>\n<p>[\/et_pb_toggle][\/et_pb_column][et_pb_column type=&#8221;2_3&#8243; _builder_version=&#8221;4.6.1&#8243; _module_preset=&#8221;default&#8221;][et_pb_text _builder_version=&#8221;4.9.2&#8243; _module_preset=&#8221;default&#8221; text_font_size=&#8221;3em&#8221; text_line_height=&#8221;1em&#8221; custom_margin=&#8221;||4vw||false|false&#8221; custom_padding=&#8221;0px||0px|40px|false|false&#8221; locked=&#8221;off&#8221;]<\/p>\n<p>Xemeneies industrials (certificaci\u00f3 foc)<\/p>\n<p>[\/et_pb_text][et_pb_gallery gallery_ids=&#8221;423,422,420,421,418,419,417&#8243; posts_number=&#8221;8&#8243; show_title_and_caption=&#8221;off&#8221; show_pagination=&#8221;off&#8221; zoom_icon_color=&#8221;rgba(0,0,0,0)&#8221; hover_overlay_color=&#8221;rgba(0,0,0,0)&#8221; module_class=&#8221;snake_case_galeriaiconos&#8221; _builder_version=&#8221;4.6.1&#8243; _module_preset=&#8221;default&#8221; border_radii_image=&#8221;on|10px|10px|10px|10px&#8221; box_shadow_style_image=&#8221;preset1&#8243;][\/et_pb_gallery][et_pb_tabs active_tab_background_color=&#8221;#ffffff&#8221; inactive_tab_background_color=&#8221;#7eaacb&#8221; active_tab_text_color=&#8221;#211915&#8243; module_class=&#8221;snake_case_tabsficha&#8221; _builder_version=&#8221;4.9.2&#8243; _module_preset=&#8221;default&#8221; tab_text_color=&#8221;#ffffff&#8221; tab_font_size=&#8221;16px&#8221; tab_line_height=&#8221;2.3em&#8221; background_enable_color=&#8221;off&#8221; module_alignment=&#8221;center&#8221; border_radii=&#8221;on|20px|20px|20px|20px&#8221; border_width_all=&#8221;0px&#8221; box_shadow_style=&#8221;preset1&#8243;][et_pb_tab title=&#8221;INFORMACI\u00d3 T\u00c8CNICA&#8221; _builder_version=&#8221;4.9.2&#8243; _module_preset=&#8221;default&#8221;]<\/p>\n<h6>Material<\/h6>\n<p>Inox &#8211; ASI316 \/ AISI304<br \/>Galva _ z275<\/p>\n<h6>Acabat exterior<\/h6>\n<p>Acabat exterior INOX: Brillant, Mate o Satinat.<br \/>Possibilitat de color Colors RAL.<\/p>\n<h6>Certificacions<\/h6>\n<p>EI30<br \/>EI60<br \/>EI120<\/p>\n<h6>Gruixos<\/h6>\n<p>Parets des de 0,4 mm a 1 mm: des de 0,4 mm a 1 mm<br \/>A\u00efllament: a partir 25mm<\/p>\n<h6>Di\u00e0metres disponibles (mm)<\/h6>\n<p>de 80mm a 1500mm<\/p>\n<p>[\/et_pb_tab][\/et_pb_tabs][\/et_pb_column][\/et_pb_row][\/et_pb_section]<\/p>\n","protected":false},"excerpt":{"rendered":"<p>XEMENEIES MODULARS EIChimeneas industriales (certificaci\u00f3n fuego) Colectivas Sistemas de extracci\u00f3n para campanas Xemeneies industrials (certificaci\u00f3 foc)Material Inox &#8211; ASI316 \/ AISI304Galva _ z275 Acabat exterior Acabat exterior INOX: Brillant, Mate o Satinat.Possibilitat de color Colors RAL. Certificacions EI30EI60EI120 Gruixos Parets des de 0,4 mm a 1 mm: des de 0,4 mm a 1 mmA\u00efllament: a [&hellip;]<\/p>\n","protected":false},"author":1,"featured_media":0,"parent":1166,"menu_order":0,"comment_status":"closed","ping_status":"closed","template":"","meta":{"_et_pb_use_builder":"on","_et_pb_old_content":"","_et_gb_content_width":"","footnotes":""},"_links":{"self":[{"href":"https:\/\/vegra400.com\/ca\/wp-json\/wp\/v2\/pages\/1169"}],"collection":[{"href":"https:\/\/vegra400.com\/ca\/wp-json\/wp\/v2\/pages"}],"about":[{"href":"https:\/\/vegra400.com\/ca\/wp-json\/wp\/v2\/types\/page"}],"author":[{"embeddable":true,"href":"https:\/\/vegra400.com\/ca\/wp-json\/wp\/v2\/users\/1"}],"replies":[{"embeddable":true,"href":"https:\/\/vegra400.com\/ca\/wp-json\/wp\/v2\/comments?post=1169"}],"version-history":[{"count":2,"href":"https:\/\/vegra400.com\/ca\/wp-json\/wp\/v2\/pages\/1169\/revisions"}],"predecessor-version":[{"id":1171,"href":"https:\/\/vegra400.com\/ca\/wp-json\/wp\/v2\/pages\/1169\/revisions\/1171"}],"up":[{"embeddable":true,"href":"https:\/\/vegra400.com\/ca\/wp-json\/wp\/v2\/pages\/1166"}],"wp:attachment":[{"href":"https:\/\/vegra400.com\/ca\/wp-json\/wp\/v2\/media?parent=1169"}],"curies":[{"name":"wp","href":"https:\/\/api.w.org\/{rel}","templated":true}]}}