{"id":1163,"date":"2020-09-09T15:17:02","date_gmt":"2020-09-09T15:17:02","guid":{"rendered":"https:\/\/vegra400.com\/productes\/xemeneies-modulars\/"},"modified":"2021-06-16T09:01:34","modified_gmt":"2021-06-16T09:01:34","slug":"xemeneies-modulars","status":"publish","type":"page","link":"https:\/\/vegra400.com\/ca\/productes\/xemeneies-modulars\/","title":{"rendered":"Xemeneies modulars"},"content":{"rendered":"<p>[et_pb_section fb_built=&#8221;1&#8243; module_class=&#8221;snake_case_imageninicial&#8221; _builder_version=&#8221;4.6.1&#8243; _module_preset=&#8221;default&#8221; background_color=&#8221;#2b2b2b&#8221; background_image=&#8221;http:\/\/vegra400.com\/wp-content\/uploads\/2020\/09\/fondoblog.jpg&#8221; locked=&#8221;off&#8221;][et_pb_row _builder_version=&#8221;4.6.1&#8243; _module_preset=&#8221;default&#8221;][et_pb_column type=&#8221;4_4&#8243; _builder_version=&#8221;4.6.1&#8243; _module_preset=&#8221;default&#8221;][et_pb_text _builder_version=&#8221;4.6.3&#8243; _module_preset=&#8221;default&#8221; text_font=&#8221;Rubik|700|||||||&#8221; text_text_color=&#8221;#ffffff&#8221; text_font_size=&#8221;68px&#8221; text_line_height=&#8221;1.1em&#8221; text_orientation=&#8221;center&#8221; animation_direction=&#8221;right&#8221; hover_enabled=&#8221;0&#8243; text_font_size_tablet=&#8221;45px&#8221; text_font_size_phone=&#8221;&#8221; text_font_size_last_edited=&#8221;on|phone&#8221; locked=&#8221;off&#8221; sticky_enabled=&#8221;0&#8243;]<\/p>\n<p>XEMENEIES MODULARS<\/p>\n<p>[\/et_pb_text][\/et_pb_column][\/et_pb_row][\/et_pb_section][et_pb_section fb_built=&#8221;1&#8243; _builder_version=&#8221;4.6.1&#8243; _module_preset=&#8221;default&#8221;][et_pb_row column_structure=&#8221;1_3,2_3&#8243; _builder_version=&#8221;4.6.1&#8243; _module_preset=&#8221;default&#8221;][et_pb_column type=&#8221;1_3&#8243; _builder_version=&#8221;4.6.1&#8243; _module_preset=&#8221;default&#8221;][et_pb_toggle title=&#8221;VEURE PRODUCTES&#8221; open=&#8221;on&#8221; open_toggle_background_color=&#8221;rgba(0,0,0,0)&#8221; closed_toggle_text_color=&#8221;#ffffff&#8221; closed_toggle_background_color=&#8221;rgba(0,0,0,0)&#8221; icon_color=&#8221;#211915&#8243; module_class=&#8221;snake_case_menudesplegableficha&#8221; _builder_version=&#8221;4.6.3&#8243; _module_preset=&#8221;default&#8221; title_level=&#8221;h3&#8243; body_font=&#8221;|600|||||||&#8221; body_line_height=&#8221;2em&#8221; hover_enabled=&#8221;0&#8243; border_radii=&#8221;on|20px|20px|20px|20px&#8221; border_width_all=&#8221;0px&#8221; sticky_enabled=&#8221;0&#8243;]<\/p>\n<div class=\"snake_case_enlaceaficha\" id=\"linkchimeneas1\">Xemeneies industrials<\/div>\n<div class=\"snake_case_enlaceaficha\" id=\"linkchimeneas2\">Col\u00b7lectives<\/div>\n<div class=\"snake_case_enlaceaficha\" id=\"linkchimeneas3\">Sistemes d\u2019extracci\u00f3 per campanes<\/div>\n<p>[\/et_pb_toggle][\/et_pb_column][et_pb_column type=&#8221;2_3&#8243; _builder_version=&#8221;4.6.1&#8243; _module_preset=&#8221;default&#8221;][et_pb_text _builder_version=&#8221;4.6.3&#8243; _module_preset=&#8221;default&#8221; text_font=&#8221;Rubik|700|||||||&#8221; text_font_size=&#8221;45px&#8221; text_line_height=&#8221;0.8em&#8221; custom_margin=&#8221;||40px||false|false&#8221; custom_padding=&#8221;0px||0px|40px|false|false&#8221; hover_enabled=&#8221;0&#8243; border_radii=&#8221;on|0px|0px|0px|0px&#8221; border_width_all=&#8221;3px&#8221; border_width_top=&#8221;0px&#8221; border_width_right=&#8221;0px&#8221; border_width_bottom=&#8221;0px&#8221; border_color_bottom=&#8221;#ffffff&#8221; border_width_left=&#8221;4px&#8221; border_color_left=&#8221;#7eaacb&#8221; border_width_bottom_tablet=&#8221;&#8221; border_width_bottom_phone=&#8221;&#8221; border_width_bottom_last_edited=&#8221;on|desktop&#8221; locked=&#8221;off&#8221; sticky_enabled=&#8221;0&#8243;]XEMENEIES INDUSTRIALS[\/et_pb_text][et_pb_gallery gallery_ids=&#8221;423,422,420,421,418,419,417&#8243; posts_number=&#8221;8&#8243; show_title_and_caption=&#8221;off&#8221; show_pagination=&#8221;off&#8221; zoom_icon_color=&#8221;rgba(0,0,0,0)&#8221; hover_overlay_color=&#8221;rgba(0,0,0,0)&#8221; module_class=&#8221;snake_case_galeriaiconos&#8221; _builder_version=&#8221;4.6.1&#8243; _module_preset=&#8221;default&#8221; border_radii_image=&#8221;on|10px|10px|10px|10px&#8221; box_shadow_style_image=&#8221;preset1&#8243;][\/et_pb_gallery][et_pb_tabs active_tab_background_color=&#8221;#ffffff&#8221; inactive_tab_background_color=&#8221;#7eaacb&#8221; active_tab_text_color=&#8221;#211915&#8243; module_class=&#8221;snake_case_tabsficha&#8221; _builder_version=&#8221;4.6.1&#8243; _module_preset=&#8221;default&#8221; tab_text_color=&#8221;#ffffff&#8221; tab_font_size=&#8221;16px&#8221; tab_line_height=&#8221;2.3em&#8221; background_enable_color=&#8221;off&#8221; module_alignment=&#8221;center&#8221; border_radii=&#8221;on|20px|20px|20px|20px&#8221; border_width_all=&#8221;0px&#8221; box_shadow_style=&#8221;preset1&#8243;][et_pb_tab title=&#8221;INFORMACI\u00d3 T\u00c8CNICA&#8221; _builder_version=&#8221;4.6.1&#8243; _module_preset=&#8221;default&#8221;]<\/p>\n<h6>Descripci\u00f3<\/h6>\n<p>Xemeneia modular met\u00e0l\u00b7lica per a evacuaci\u00f3 de fums i gasos dels productes de la combusti\u00f3 de doble paret fabricada en acer inoxidable interior i exterior<\/p>\n<h6>Material<\/h6>\n<p>Interior: AISI 304<br \/>\nExterior: AISI 304<\/p>\n<h6>Acabat exterior<\/h6>\n<p>Brillant<br \/>\nColors RAL (consultar preus)<br \/>\nExterior galvanitzat -15% (nom\u00e9s trams rectes i desviacions)<\/p>\n<h6>A\u00efllament<\/h6>\n<p>Llana de roca r\u00edgida d&#8217;alta densitat (120kg\/m<sup>3<\/sup>)<\/p>\n<h6>Gruixos<\/h6>\n<p>Paret interior:\u00a0 0,4mm<br \/>\nA\u00efllament:\u00a0\u00a0\u00a0\u00a0 25mm<br \/>\nParet exterior: 0,4mm<\/p>\n<h6>Di\u00e0metres disponibles (mm)<\/h6>\n<p>130 &#8211; 150 &#8211; 180 &#8211; 200<\/p>\n<h6>Sistema d&#8217;uni\u00f3<\/h6>\n<p>Connexi\u00f3 mascle-femella amb <b>abra\u00e7adora d&#8217;uni\u00f3 senzilla<\/b><\/p>\n<p>[\/et_pb_tab][et_pb_tab title=&#8221;CARACTER\u00cdSTIQUES &#8221; _builder_version=&#8221;4.6.1&#8243; _module_preset=&#8221;default&#8221;]<\/p>\n<ul>\n<li>Temperatura operativa de fins a 600\u00ba<\/li>\n<li><b>Soldadura TIG\/L\u00e0ser<\/b> en continu en totes les peces<\/li>\n<li>Abra\u00e7adora d&#8217;uni\u00f3 inclosa (excepte terminals)<\/li>\n<li>Possibilitat de <b>tall de m\u00f2duls rectes a mida <\/b>en obra<\/li>\n<\/ul>\n<p>[\/et_pb_tab][et_pb_tab title=&#8221;APLICACIONS&#8221; _builder_version=&#8221;4.6.1&#8243; _module_preset=&#8221;default&#8221;]<\/p>\n<ul>\n<li>Calderes de gas i gasoil<\/li>\n<li>No codensaci\u00f3<\/li>\n<\/ul>\n<p>[\/et_pb_tab][et_pb_tab title=&#8221;DESC\u00c0RREGUES&#8221; _builder_version=&#8221;4.6.1&#8243; _module_preset=&#8221;default&#8221;]<\/p>\n<p><b><a href=\"#\"><span class=\"et-pb-icon\">i<\/span> Fitxa producte<\/a><\/b> <b><a href=\"#\"><span class=\"et-pb-icon\">i<\/span> Manual d\u2019instruccions<\/a><\/b> <b><a href=\"#\"><span class=\"et-pb-icon\">i<\/span> Instruccions de tall<\/a><\/b><\/p>\n<p>[\/et_pb_tab][\/et_pb_tabs][\/et_pb_column][\/et_pb_row][\/et_pb_section]<\/p>\n","protected":false},"excerpt":{"rendered":"<p>XEMENEIES MODULARSXemeneies industrials Col\u00b7lectives Sistemes d\u2019extracci\u00f3 per campanes XEMENEIES INDUSTRIALSDescripci\u00f3 Xemeneia modular met\u00e0l\u00b7lica per a evacuaci\u00f3 de fums i gasos dels productes de la combusti\u00f3 de doble paret fabricada en acer inoxidable interior i exterior Material Interior: AISI 304 Exterior: AISI 304 Acabat exterior Brillant Colors RAL (consultar preus) Exterior galvanitzat -15% (nom\u00e9s trams rectes [&hellip;]<\/p>\n","protected":false},"author":1,"featured_media":0,"parent":1151,"menu_order":0,"comment_status":"closed","ping_status":"closed","template":"","meta":{"_et_pb_use_builder":"on","_et_pb_old_content":"","_et_gb_content_width":"","footnotes":""},"_links":{"self":[{"href":"https:\/\/vegra400.com\/ca\/wp-json\/wp\/v2\/pages\/1163"}],"collection":[{"href":"https:\/\/vegra400.com\/ca\/wp-json\/wp\/v2\/pages"}],"about":[{"href":"https:\/\/vegra400.com\/ca\/wp-json\/wp\/v2\/types\/page"}],"author":[{"embeddable":true,"href":"https:\/\/vegra400.com\/ca\/wp-json\/wp\/v2\/users\/1"}],"replies":[{"embeddable":true,"href":"https:\/\/vegra400.com\/ca\/wp-json\/wp\/v2\/comments?post=1163"}],"version-history":[{"count":2,"href":"https:\/\/vegra400.com\/ca\/wp-json\/wp\/v2\/pages\/1163\/revisions"}],"predecessor-version":[{"id":1165,"href":"https:\/\/vegra400.com\/ca\/wp-json\/wp\/v2\/pages\/1163\/revisions\/1165"}],"up":[{"embeddable":true,"href":"https:\/\/vegra400.com\/ca\/wp-json\/wp\/v2\/pages\/1151"}],"wp:attachment":[{"href":"https:\/\/vegra400.com\/ca\/wp-json\/wp\/v2\/media?parent=1163"}],"curies":[{"name":"wp","href":"https:\/\/api.w.org\/{rel}","templated":true}]}}