{"id":1098,"date":"2020-09-08T08:22:08","date_gmt":"2020-09-08T08:22:08","guid":{"rendered":"https:\/\/vegra400.com\/politica-de-privacitat\/"},"modified":"2021-09-27T11:25:42","modified_gmt":"2021-09-27T11:25:42","slug":"politica-de-privacitat","status":"publish","type":"page","link":"https:\/\/vegra400.com\/ca\/politica-de-privacitat\/","title":{"rendered":"Pol\u00edtica de privacitat"},"content":{"rendered":"<p>[et_pb_section fb_built=&#8221;1&#8243; _builder_version=&#8221;4.9.7&#8243; _module_preset=&#8221;default&#8221;][et_pb_row admin_label=&#8221;row&#8221; _builder_version=&#8221;3.25&#8243; background_size=&#8221;initial&#8221; background_position=&#8221;top_left&#8221; background_repeat=&#8221;repeat&#8221; locked=&#8221;off&#8221;][et_pb_column type=&#8221;4_4&#8243; _builder_version=&#8221;3.25&#8243; custom_padding=&#8221;|||&#8221; custom_padding__hover=&#8221;|||&#8221;][et_pb_code admin_label=&#8221;Titol&#8221; _builder_version=&#8221;4.9.7&#8243; _module_preset=&#8221;default&#8221; text_orientation=&#8221;center&#8221; hover_enabled=&#8221;0&#8243; sticky_enabled=&#8221;0&#8243;]<span style=\"font-size: 2.5rem; font-weight: bold;\">Pol\u00edtica de privacitat<\/span>[\/et_pb_code][et_pb_code admin_label=&#8221;Titol&#8221; _builder_version=&#8221;4.9.7&#8243; _module_preset=&#8221;default&#8221;]<!-- [et_pb_line_break_holder] --><\/p>\n<div class=\"\"><!-- [et_pb_line_break_holder] -->  <span class=\"subtitol-politiques\"><!-- [et_pb_line_break_holder] -->  1. INFORMACI\u00d3 PER A L\u2019USUARI<!-- [et_pb_line_break_holder] -->  <\/span><!-- [et_pb_line_break_holder] -->  <!\u2013- [et_pb_br_holder] -\u2013><!-- [et_pb_line_break_holder] -->  <!\u2013- [et_pb_br_holder] -\u2013><!-- [et_pb_line_break_holder] -->  <pee class=\"pregunta-politiques\"><!-- [et_pb_line_break_holder] -->    Qui \u00e9s el responsable del tractament de les teves dades personals?<!-- [et_pb_line_break_holder] -->    <!\u2013- [et_pb_br_holder] -\u2013><!-- [et_pb_line_break_holder] -->    <span class=\"paragraf-politiques\"><!-- [et_pb_line_break_holder] -->    <strong>VEGRA 400, SL<\/strong> \u00e9s el RESPONSABLE del tractament de les dades personals de l\u2019USUARI i l\u2019informa que aquestes<!-- [et_pb_line_break_holder] -->dades es tractaran de conformitat amb el que estableix el Reglament (UE) 2016\/679, de 27 d\u2019abril (GDPR), i la Llei<!-- [et_pb_line_break_holder] -->Org\u00e0nica 3\/2018, de 5 de desembre (LOPDGDD).<!-- [et_pb_line_break_holder] -->    <\/span><!-- [et_pb_line_break_holder] -->  <\/pee><!-- [et_pb_line_break_holder] -->  <pee class=\"pregunta-politiques\"><!-- [et_pb_line_break_holder] -->    \u00bfPer a qu\u00e8 tractem les teves dades personals i perqu\u00e8 ho fem?<!-- [et_pb_line_break_holder] -->    <!\u2013- [et_pb_br_holder] -\u2013><!-- [et_pb_line_break_holder] -->    <span class=\"paragraf-politiques\"><!-- [et_pb_line_break_holder] -->     Segons el formulari on h\u00e0gim obtingut les vostres dades personals, les tractarem de manera confidencial per assolir les<!-- [et_pb_line_break_holder] -->finalitats seg\u00fcents:<!-- [et_pb_line_break_holder] -->  <\/span><!-- [et_pb_line_break_holder] -->  <\/pee><!-- [et_pb_line_break_holder] -->  <pee class=\"pregunta-politiques\"><!-- [et_pb_line_break_holder] -->    Durant quant de temps guardarem les teves dades personals?<!-- [et_pb_line_break_holder] -->    <!\u2013- [et_pb_br_holder] -\u2013><!-- [et_pb_line_break_holder] -->  <span class=\"paragraf-politiques\"><!-- [et_pb_line_break_holder] -->  Es conservaran durant no m\u00e9s temps del necessari per mantenir la finalitat del tractament o mentre hi hagi prescripcions<!-- [et_pb_line_break_holder] -->legals que en dictaminin la cust\u00f2dia i quan ja no sigui necessari per aquest motiu, se suprimiran amb mesures de<!-- [et_pb_line_break_holder] -->seguretat adequades per garantir que les dades siguin anonimitzades o totalment destru\u00efdes.<!-- [et_pb_line_break_holder] -->    <\/span>  <!-- [et_pb_line_break_holder] -->  <\/pee><!-- [et_pb_line_break_holder] -->    <pee class=\"pregunta-politiques\"><!-- [et_pb_line_break_holder] -->      A qui facilitem les vostres dades personals?<!-- [et_pb_line_break_holder] -->    <!\u2013- [et_pb_br_holder] -\u2013><!-- [et_pb_line_break_holder] -->  <span class=\"paragraf-politiques\"><!-- [et_pb_line_break_holder] -->  No es preveu cap comunicaci\u00f3 de dades personals a tercers excepte si fos necessari per al desenvolupament i execuci\u00f3<!-- [et_pb_line_break_holder] -->de les finalitats del tractament, als nostres prove\u00efdors de serveis relacionats amb comunicacions, amb els quals el<!-- [et_pb_line_break_holder] -->RESPONSABLE ha formalitzat els contractes de confidencialitat i d\u2019encarregat de tractament exigits per la normativa<!-- [et_pb_line_break_holder] -->vigent de privacitat.<!-- [et_pb_line_break_holder] -->      <\/span>  <!-- [et_pb_line_break_holder] -->  <\/pee><!-- [et_pb_line_break_holder] -->      <pee class=\"pregunta-politiques\"><!-- [et_pb_line_break_holder] -->        Quins s\u00f3n teus drets?<!-- [et_pb_line_break_holder] -->    <!\u2013- [et_pb_br_holder] -\u2013><!-- [et_pb_line_break_holder] -->  <span class=\"paragraf-politiques\"><!-- [et_pb_line_break_holder] --> Els drets que t\u00e9 l\u2019USUARI s\u00f3n:<!-- [et_pb_line_break_holder] -->    <\/p>\n<ul><!-- [et_pb_line_break_holder] -->      <\/p>\n<li><!-- [et_pb_line_break_holder] -->            Dret a retirar el consentiment en qualsevol moment.<!-- [et_pb_line_break_holder] -->          <\/li>\n<p><!-- [et_pb_line_break_holder] -->          <\/p>\n<li><!-- [et_pb_line_break_holder] -->            Dret d\u2019acc\u00e9s, rectificaci\u00f3, portabilitat i supressi\u00f3 de les vostres dades i de limitaci\u00f3 o oposici\u00f3 al seu tractament.<!-- [et_pb_line_break_holder] -->          <\/li>\n<p><!-- [et_pb_line_break_holder] -->          <\/p>\n<li><!-- [et_pb_line_break_holder] -->            Dret a presentar una reclamaci\u00f3 davant l\u2019autoritat de control <a href=\"https:\/\/www.aedp.es\" target=\"_blank\" rel=\"noopener\">(www.aepd.es)<\/a> si considera que el tractament no<!-- [et_pb_line_break_holder] -->s\u2019ajusta a la normativa vigent.<!-- [et_pb_line_break_holder] -->          <\/li>\n<p><!-- [et_pb_line_break_holder] -->    <\/ul>\n<p><!-- [et_pb_line_break_holder] -->    <span style=\"font-weight: bold;\"><!-- [et_pb_line_break_holder] -->      Dades de contacte per exercir els seus drets:<!-- [et_pb_line_break_holder] -->      <!\u2013- [et_pb_br_holder] -\u2013><!-- [et_pb_line_break_holder] -->      <span class=\"paragraf-politiques\"><!-- [et_pb_line_break_holder] -->        VEGRA 400, SL. C\/ Doctor Fleming,, s\/n &#8211; 17411 VIDRERES (Girona). E-mail: info@vegragirona.com<!-- [et_pb_line_break_holder] -->        <\/span><!-- [et_pb_line_break_holder] -->    <\/span>      <!-- [et_pb_line_break_holder] -->        <\/span>  <!-- [et_pb_line_break_holder] -->  <\/pee><!-- [et_pb_line_break_holder] -->  <!\u2013- [et_pb_br_holder] -\u2013><!-- [et_pb_line_break_holder] -->  <span class=\"subtitol-politiques\"><!-- [et_pb_line_break_holder] -->    2. CAR\u00c0CTER OBLIGATORI O FACULTATIU DE LA INFORMACI\u00d3 FACILITADA PER L\u2019USUARI<!-- [et_pb_line_break_holder] -->  <\/span><!-- [et_pb_line_break_holder] -->  <!\u2013- [et_pb_br_holder] -\u2013><!-- [et_pb_line_break_holder] -->  <!\u2013- [et_pb_br_holder] -\u2013><!-- [et_pb_line_break_holder] -->  <span class=\"paragraf-politiques\"><!-- [et_pb_line_break_holder] -->  Els USUARIS, per mitj\u00e0 de les caselles corresponents i la introducci\u00f3 de dades en els camps, marcats amb l\u2019asterisc (*)<!-- [et_pb_line_break_holder] -->en el formulari de contacte o presentats en formularis de desc\u00e0rrega, accepten expressament i de manera lliure i<!-- [et_pb_line_break_holder] -->inequ\u00edvoca, que les seves dades s\u00f3n necess\u00e0ries per atendre la seva petici\u00f3, per part del prestador, i que per tant la<!-- [et_pb_line_break_holder] -->inclusi\u00f3 de les dades en els camps restants \u00e9s volunt\u00e0ria. L\u2019USUARI garanteix que les dades personals facilitades al<!-- [et_pb_line_break_holder] -->RESPONSABLE s\u00f3n ver\u00eddiques i es fa responsable de comunicar-ne qualsevol modificaci\u00f3.<!-- [et_pb_line_break_holder] -->    <!\u2013- [et_pb_br_holder] -\u2013><!\u2013- [et_pb_br_holder] -\u2013><!-- [et_pb_line_break_holder] -->  El RESPONSABLE informa que totes les dades sol\u00b7licitades a trav\u00e9s del lloc web s\u00f3n obligat\u00f2ries, ja que s\u00f3n<!-- [et_pb_line_break_holder] -->necess\u00e0ries per a la prestaci\u00f3 d\u2019un servei \u00f2ptim a l\u2019USUARI. En cas que no es facilitin totes les dades, no es garanteix<!-- [et_pb_line_break_holder] -->que la informaci\u00f3 i serveis facilitats s\u2019ajustin completament a les seves necessitats.<!-- [et_pb_line_break_holder] -->  <\/span><!-- [et_pb_line_break_holder] -->  <!\u2013- [et_pb_br_holder] -\u2013><!-- [et_pb_line_break_holder] -->  <!\u2013- [et_pb_br_holder] -\u2013><!-- [et_pb_line_break_holder] -->   <span class=\"subtitol-politiques\"><!-- [et_pb_line_break_holder] -->    3. MESURES DE SEGURETAT<!-- [et_pb_line_break_holder] -->  <\/span><!-- [et_pb_line_break_holder] -->  <!\u2013- [et_pb_br_holder] -\u2013><!-- [et_pb_line_break_holder] -->  <!\u2013- [et_pb_br_holder] -\u2013><!-- [et_pb_line_break_holder] -->  <span class=\"paragraf-politiques\"><!-- [et_pb_line_break_holder] -->  Que, de conformitat amb el que estableixen les normatives vigents en protecci\u00f3 de dades personals, el RESPONSABLE<!-- [et_pb_line_break_holder] -->est\u00e0 complint amb totes les disposicions de les normatives GDPR i LOPDGDD per al tractament de les dades personals<!-- [et_pb_line_break_holder] -->de la seva responsabilitat, i manifestament amb els principis descrits a l\u2019article 5 del GDPR, pels quals es tracten de<!-- [et_pb_line_break_holder] -->manera l\u00edcita, lleial i transparent en relaci\u00f3 amb l\u2019interessat i adequades, pertinents i limitades al que \u00e9s necessari en<!-- [et_pb_line_break_holder] -->relaci\u00f3 amb les finalitats per a les quals es tracten.<!-- [et_pb_line_break_holder] -->    <!\u2013- [et_pb_br_holder] -\u2013><!\u2013- [et_pb_br_holder] -\u2013><!-- [et_pb_line_break_holder] -->  El RESPONSABLE garanteix que ha implementat pol\u00edtiques t\u00e8cniques i organitzatives apropiades per aplicar les<!-- [et_pb_line_break_holder] -->mesures de seguretat que estableixen el GDPR i la LOPDGDD, amb la finalitat de protegir els drets i llibertats dels<!-- [et_pb_line_break_holder] -->USUARIS i els ha comunicat la informaci\u00f3 adequada perqu\u00e8 puguin exercir-los.<!-- [et_pb_line_break_holder] -->    <!\u2013- [et_pb_br_holder] -\u2013><!\u2013- [et_pb_br_holder] -\u2013><!-- [et_pb_line_break_holder] -->    Per a m\u00e9s informaci\u00f3 sobre les garanties de privacitat, pots adre\u00e7ar-te al RESPONSABLEa trav\u00e9s de VEGRA 400, SL.<!-- [et_pb_line_break_holder] -->C\/ Doctor Fleming,, s\/n &#8211; 17411 VIDRERES (Girona). E-mail: info@vegragirona.com<!-- [et_pb_line_break_holder] -->  <\/span><!-- [et_pb_line_break_holder] --><\/div>\n<p><!-- [et_pb_line_break_holder] -->[\/et_pb_code][\/et_pb_column][\/et_pb_row][\/et_pb_section]<\/p>\n","protected":false},"excerpt":{"rendered":"","protected":false},"author":1,"featured_media":0,"parent":0,"menu_order":0,"comment_status":"closed","ping_status":"closed","template":"","meta":{"_et_pb_use_builder":"on","_et_pb_old_content":"","_et_gb_content_width":"","footnotes":""},"_links":{"self":[{"href":"https:\/\/vegra400.com\/ca\/wp-json\/wp\/v2\/pages\/1098"}],"collection":[{"href":"https:\/\/vegra400.com\/ca\/wp-json\/wp\/v2\/pages"}],"about":[{"href":"https:\/\/vegra400.com\/ca\/wp-json\/wp\/v2\/types\/page"}],"author":[{"embeddable":true,"href":"https:\/\/vegra400.com\/ca\/wp-json\/wp\/v2\/users\/1"}],"replies":[{"embeddable":true,"href":"https:\/\/vegra400.com\/ca\/wp-json\/wp\/v2\/comments?post=1098"}],"version-history":[{"count":7,"href":"https:\/\/vegra400.com\/ca\/wp-json\/wp\/v2\/pages\/1098\/revisions"}],"predecessor-version":[{"id":1516,"href":"https:\/\/vegra400.com\/ca\/wp-json\/wp\/v2\/pages\/1098\/revisions\/1516"}],"wp:attachment":[{"href":"https:\/\/vegra400.com\/ca\/wp-json\/wp\/v2\/media?parent=1098"}],"curies":[{"name":"wp","href":"https:\/\/api.w.org\/{rel}","templated":true}]}}